{"id":112,"date":"2012-06-20T19:18:03","date_gmt":"2012-06-20T18:18:03","guid":{"rendered":"https:\/\/www.isalebon.fr\/wp-isa\/?page_id=112"},"modified":"2016-11-29T00:13:30","modified_gmt":"2016-11-28T23:13:30","slug":"bielorussie","status":"publish","type":"page","link":"https:\/\/www.isalebon.fr\/?page_id=112","title":{"rendered":"Bi\u00e9lorussie"},"content":{"rendered":"<div id=\"textphotos\">\n<div class=\"ngg-galleryoverview ngg-template-caption\" id=\"ngg-gallery-19fcdd8898fa7b2048a1d5114c467c84-112\">\n\n\n\t<!-- Thumbnails -->\n    \t\t\n\t<div id=\"ngg-image-58\" class=\"ngg-gallery-thumbnail-box\"  >\n\t\t<div class=\"ngg-gallery-thumbnail\" >\n\t\t\t<a href=\"https:\/\/www.isalebon.fr\/wp-isa\/wp-content\/gallery\/bielorussie\/bielorussie01.jpg\"\n               title=\" \"\n                data-image-id=\"58\" data-src=\"https:\/\/www.isalebon.fr\/wp-isa\/wp-content\/gallery\/bielorussie\/bielorussie01.jpg\" data-thumbnail=\"https:\/\/www.isalebon.fr\/wp-isa\/wp-content\/gallery\/bielorussie\/thumbs\/thumbs_bielorussie01.jpg\" data-title=\"bielorussie01\" data-description=\" \" >\n\t\t\t\t\t\t\t\t<img title=\"bielorussie01\" alt=\"bielorussie01\" src=\"https:\/\/www.isalebon.fr\/wp-isa\/wp-content\/gallery\/bielorussie\/thumbs\/thumbs_bielorussie01.jpg\" width='150' height='150' \/>\n\t\t\t\t\t\t\t<\/a>\n\t\t\t<span> <\/span>\n\t\t<\/div>\n\t<\/div>\n\t\t \t\t\n\t<div id=\"ngg-image-59\" class=\"ngg-gallery-thumbnail-box\"  >\n\t\t<div class=\"ngg-gallery-thumbnail\" >\n\t\t\t<a href=\"https:\/\/www.isalebon.fr\/wp-isa\/wp-content\/gallery\/bielorussie\/bielorussie02.jpg\"\n               title=\" \"\n                data-image-id=\"59\" data-src=\"https:\/\/www.isalebon.fr\/wp-isa\/wp-content\/gallery\/bielorussie\/bielorussie02.jpg\" data-thumbnail=\"https:\/\/www.isalebon.fr\/wp-isa\/wp-content\/gallery\/bielorussie\/thumbs\/thumbs_bielorussie02.jpg\" data-title=\"bielorussie02\" data-description=\" \" >\n\t\t\t\t\t\t\t\t<img title=\"bielorussie02\" alt=\"bielorussie02\" src=\"https:\/\/www.isalebon.fr\/wp-isa\/wp-content\/gallery\/bielorussie\/thumbs\/thumbs_bielorussie02.jpg\" width='150' height='150' \/>\n\t\t\t\t\t\t\t<\/a>\n\t\t\t<span> <\/span>\n\t\t<\/div>\n\t<\/div>\n\t\t \t\t\n\t<div id=\"ngg-image-60\" class=\"ngg-gallery-thumbnail-box\"  >\n\t\t<div class=\"ngg-gallery-thumbnail\" >\n\t\t\t<a href=\"https:\/\/www.isalebon.fr\/wp-isa\/wp-content\/gallery\/bielorussie\/bielorussie03.jpg\"\n               title=\" \"\n                data-image-id=\"60\" data-src=\"https:\/\/www.isalebon.fr\/wp-isa\/wp-content\/gallery\/bielorussie\/bielorussie03.jpg\" data-thumbnail=\"https:\/\/www.isalebon.fr\/wp-isa\/wp-content\/gallery\/bielorussie\/thumbs\/thumbs_bielorussie03.jpg\" data-title=\"bielorussie03\" data-description=\" \" >\n\t\t\t\t\t\t\t\t<img title=\"bielorussie03\" alt=\"bielorussie03\" src=\"https:\/\/www.isalebon.fr\/wp-isa\/wp-content\/gallery\/bielorussie\/thumbs\/thumbs_bielorussie03.jpg\" width='150' height='150' \/>\n\t\t\t\t\t\t\t<\/a>\n\t\t\t<span> <\/span>\n\t\t<\/div>\n\t<\/div>\n\t\t \t\t\n\t<div id=\"ngg-image-61\" class=\"ngg-gallery-thumbnail-box\"  >\n\t\t<div class=\"ngg-gallery-thumbnail\" >\n\t\t\t<a href=\"https:\/\/www.isalebon.fr\/wp-isa\/wp-content\/gallery\/bielorussie\/bielorussie04.jpg\"\n               title=\" \"\n                data-image-id=\"61\" data-src=\"https:\/\/www.isalebon.fr\/wp-isa\/wp-content\/gallery\/bielorussie\/bielorussie04.jpg\" data-thumbnail=\"https:\/\/www.isalebon.fr\/wp-isa\/wp-content\/gallery\/bielorussie\/thumbs\/thumbs_bielorussie04.jpg\" data-title=\"bielorussie04\" data-description=\" \" >\n\t\t\t\t\t\t\t\t<img title=\"bielorussie04\" alt=\"bielorussie04\" src=\"https:\/\/www.isalebon.fr\/wp-isa\/wp-content\/gallery\/bielorussie\/thumbs\/thumbs_bielorussie04.jpg\" width='150' height='150' \/>\n\t\t\t\t\t\t\t<\/a>\n\t\t\t<span> <\/span>\n\t\t<\/div>\n\t<\/div>\n\t\t \t\t\n\t<div id=\"ngg-image-62\" class=\"ngg-gallery-thumbnail-box\"  >\n\t\t<div class=\"ngg-gallery-thumbnail\" >\n\t\t\t<a href=\"https:\/\/www.isalebon.fr\/wp-isa\/wp-content\/gallery\/bielorussie\/bielorussie05.jpg\"\n               title=\" \"\n                data-image-id=\"62\" data-src=\"https:\/\/www.isalebon.fr\/wp-isa\/wp-content\/gallery\/bielorussie\/bielorussie05.jpg\" data-thumbnail=\"https:\/\/www.isalebon.fr\/wp-isa\/wp-content\/gallery\/bielorussie\/thumbs\/thumbs_bielorussie05.jpg\" data-title=\"bielorussie05\" data-description=\" \" >\n\t\t\t\t\t\t\t\t<img title=\"bielorussie05\" alt=\"bielorussie05\" src=\"https:\/\/www.isalebon.fr\/wp-isa\/wp-content\/gallery\/bielorussie\/thumbs\/thumbs_bielorussie05.jpg\" width='150' height='150' \/>\n\t\t\t\t\t\t\t<\/a>\n\t\t\t<span> <\/span>\n\t\t<\/div>\n\t<\/div>\n\t\t \t\t\n\t<div id=\"ngg-image-63\" class=\"ngg-gallery-thumbnail-box\"  >\n\t\t<div class=\"ngg-gallery-thumbnail\" >\n\t\t\t<a href=\"https:\/\/www.isalebon.fr\/wp-isa\/wp-content\/gallery\/bielorussie\/bielorussie06.jpg\"\n               title=\" \"\n                data-image-id=\"63\" data-src=\"https:\/\/www.isalebon.fr\/wp-isa\/wp-content\/gallery\/bielorussie\/bielorussie06.jpg\" data-thumbnail=\"https:\/\/www.isalebon.fr\/wp-isa\/wp-content\/gallery\/bielorussie\/thumbs\/thumbs_bielorussie06.jpg\" data-title=\"bielorussie06\" data-description=\" \" >\n\t\t\t\t\t\t\t\t<img title=\"bielorussie06\" alt=\"bielorussie06\" src=\"https:\/\/www.isalebon.fr\/wp-isa\/wp-content\/gallery\/bielorussie\/thumbs\/thumbs_bielorussie06.jpg\" width='150' height='150' \/>\n\t\t\t\t\t\t\t<\/a>\n\t\t\t<span> <\/span>\n\t\t<\/div>\n\t<\/div>\n\t\t \t\t\n\t<div id=\"ngg-image-64\" class=\"ngg-gallery-thumbnail-box\"  >\n\t\t<div class=\"ngg-gallery-thumbnail\" >\n\t\t\t<a href=\"https:\/\/www.isalebon.fr\/wp-isa\/wp-content\/gallery\/bielorussie\/bielorussie07.jpg\"\n               title=\" \"\n                data-image-id=\"64\" data-src=\"https:\/\/www.isalebon.fr\/wp-isa\/wp-content\/gallery\/bielorussie\/bielorussie07.jpg\" data-thumbnail=\"https:\/\/www.isalebon.fr\/wp-isa\/wp-content\/gallery\/bielorussie\/thumbs\/thumbs_bielorussie07.jpg\" data-title=\"bielorussie07\" data-description=\" \" >\n\t\t\t\t\t\t\t\t<img title=\"bielorussie07\" alt=\"bielorussie07\" src=\"https:\/\/www.isalebon.fr\/wp-isa\/wp-content\/gallery\/bielorussie\/thumbs\/thumbs_bielorussie07.jpg\" width='150' height='150' \/>\n\t\t\t\t\t\t\t<\/a>\n\t\t\t<span> <\/span>\n\t\t<\/div>\n\t<\/div>\n\t\t \t\t\n\t<div id=\"ngg-image-65\" class=\"ngg-gallery-thumbnail-box\"  >\n\t\t<div class=\"ngg-gallery-thumbnail\" >\n\t\t\t<a href=\"https:\/\/www.isalebon.fr\/wp-isa\/wp-content\/gallery\/bielorussie\/bielorussie08.jpg\"\n               title=\" \"\n                data-image-id=\"65\" data-src=\"https:\/\/www.isalebon.fr\/wp-isa\/wp-content\/gallery\/bielorussie\/bielorussie08.jpg\" data-thumbnail=\"https:\/\/www.isalebon.fr\/wp-isa\/wp-content\/gallery\/bielorussie\/thumbs\/thumbs_bielorussie08.jpg\" data-title=\"bielorussie08\" data-description=\" \" >\n\t\t\t\t\t\t\t\t<img title=\"bielorussie08\" alt=\"bielorussie08\" src=\"https:\/\/www.isalebon.fr\/wp-isa\/wp-content\/gallery\/bielorussie\/thumbs\/thumbs_bielorussie08.jpg\" width='150' height='150' \/>\n\t\t\t\t\t\t\t<\/a>\n\t\t\t<span> <\/span>\n\t\t<\/div>\n\t<\/div>\n\t\t \t\t\n\t<div id=\"ngg-image-66\" class=\"ngg-gallery-thumbnail-box\"  >\n\t\t<div class=\"ngg-gallery-thumbnail\" >\n\t\t\t<a href=\"https:\/\/www.isalebon.fr\/wp-isa\/wp-content\/gallery\/bielorussie\/bielorussie09.jpg\"\n               title=\" \"\n                data-image-id=\"66\" data-src=\"https:\/\/www.isalebon.fr\/wp-isa\/wp-content\/gallery\/bielorussie\/bielorussie09.jpg\" data-thumbnail=\"https:\/\/www.isalebon.fr\/wp-isa\/wp-content\/gallery\/bielorussie\/thumbs\/thumbs_bielorussie09.jpg\" data-title=\"bielorussie09\" data-description=\" \" >\n\t\t\t\t\t\t\t\t<img title=\"bielorussie09\" alt=\"bielorussie09\" src=\"https:\/\/www.isalebon.fr\/wp-isa\/wp-content\/gallery\/bielorussie\/thumbs\/thumbs_bielorussie09.jpg\" width='150' height='150' \/>\n\t\t\t\t\t\t\t<\/a>\n\t\t\t<span> <\/span>\n\t\t<\/div>\n\t<\/div>\n\t\t \t\t\n\t<div id=\"ngg-image-67\" class=\"ngg-gallery-thumbnail-box\"  >\n\t\t<div class=\"ngg-gallery-thumbnail\" >\n\t\t\t<a href=\"https:\/\/www.isalebon.fr\/wp-isa\/wp-content\/gallery\/bielorussie\/bielorussie10.jpg\"\n               title=\" \"\n                data-image-id=\"67\" data-src=\"https:\/\/www.isalebon.fr\/wp-isa\/wp-content\/gallery\/bielorussie\/bielorussie10.jpg\" data-thumbnail=\"https:\/\/www.isalebon.fr\/wp-isa\/wp-content\/gallery\/bielorussie\/thumbs\/thumbs_bielorussie10.jpg\" data-title=\"bielorussie10\" data-description=\" \" >\n\t\t\t\t\t\t\t\t<img title=\"bielorussie10\" alt=\"bielorussie10\" src=\"https:\/\/www.isalebon.fr\/wp-isa\/wp-content\/gallery\/bielorussie\/thumbs\/thumbs_bielorussie10.jpg\" width='150' height='150' \/>\n\t\t\t\t\t\t\t<\/a>\n\t\t\t<span> <\/span>\n\t\t<\/div>\n\t<\/div>\n\t\t \t\t\n\t<div id=\"ngg-image-68\" class=\"ngg-gallery-thumbnail-box\"  >\n\t\t<div class=\"ngg-gallery-thumbnail\" >\n\t\t\t<a href=\"https:\/\/www.isalebon.fr\/wp-isa\/wp-content\/gallery\/bielorussie\/bielorussie11.jpg\"\n               title=\" \"\n                data-image-id=\"68\" data-src=\"https:\/\/www.isalebon.fr\/wp-isa\/wp-content\/gallery\/bielorussie\/bielorussie11.jpg\" data-thumbnail=\"https:\/\/www.isalebon.fr\/wp-isa\/wp-content\/gallery\/bielorussie\/thumbs\/thumbs_bielorussie11.jpg\" data-title=\"bielorussie11\" data-description=\" \" >\n\t\t\t\t\t\t\t\t<img title=\"bielorussie11\" alt=\"bielorussie11\" src=\"https:\/\/www.isalebon.fr\/wp-isa\/wp-content\/gallery\/bielorussie\/thumbs\/thumbs_bielorussie11.jpg\" width='150' height='150' \/>\n\t\t\t\t\t\t\t<\/a>\n\t\t\t<span> <\/span>\n\t\t<\/div>\n\t<\/div>\n\t\t \t\t\n\t<div id=\"ngg-image-69\" class=\"ngg-gallery-thumbnail-box\"  >\n\t\t<div class=\"ngg-gallery-thumbnail\" >\n\t\t\t<a href=\"https:\/\/www.isalebon.fr\/wp-isa\/wp-content\/gallery\/bielorussie\/bielorussie12.jpg\"\n               title=\" \"\n                data-image-id=\"69\" data-src=\"https:\/\/www.isalebon.fr\/wp-isa\/wp-content\/gallery\/bielorussie\/bielorussie12.jpg\" data-thumbnail=\"https:\/\/www.isalebon.fr\/wp-isa\/wp-content\/gallery\/bielorussie\/thumbs\/thumbs_bielorussie12.jpg\" data-title=\"bielorussie12\" data-description=\" \" >\n\t\t\t\t\t\t\t\t<img title=\"bielorussie12\" alt=\"bielorussie12\" src=\"https:\/\/www.isalebon.fr\/wp-isa\/wp-content\/gallery\/bielorussie\/thumbs\/thumbs_bielorussie12.jpg\" width='150' height='150' \/>\n\t\t\t\t\t\t\t<\/a>\n\t\t\t<span> <\/span>\n\t\t<\/div>\n\t<\/div>\n\t\t \t\t\n\t<div id=\"ngg-image-70\" class=\"ngg-gallery-thumbnail-box\"  >\n\t\t<div class=\"ngg-gallery-thumbnail\" >\n\t\t\t<a href=\"https:\/\/www.isalebon.fr\/wp-isa\/wp-content\/gallery\/bielorussie\/bielorussie13.jpg\"\n               title=\" \"\n                data-image-id=\"70\" data-src=\"https:\/\/www.isalebon.fr\/wp-isa\/wp-content\/gallery\/bielorussie\/bielorussie13.jpg\" data-thumbnail=\"https:\/\/www.isalebon.fr\/wp-isa\/wp-content\/gallery\/bielorussie\/thumbs\/thumbs_bielorussie13.jpg\" data-title=\"bielorussie13\" data-description=\" \" >\n\t\t\t\t\t\t\t\t<img title=\"bielorussie13\" alt=\"bielorussie13\" src=\"https:\/\/www.isalebon.fr\/wp-isa\/wp-content\/gallery\/bielorussie\/thumbs\/thumbs_bielorussie13.jpg\" width='150' height='150' \/>\n\t\t\t\t\t\t\t<\/a>\n\t\t\t<span> <\/span>\n\t\t<\/div>\n\t<\/div>\n\t\t \t\t\n\t<div id=\"ngg-image-71\" class=\"ngg-gallery-thumbnail-box\"  >\n\t\t<div class=\"ngg-gallery-thumbnail\" >\n\t\t\t<a href=\"https:\/\/www.isalebon.fr\/wp-isa\/wp-content\/gallery\/bielorussie\/bielorussie14.jpg\"\n               title=\" \"\n                data-image-id=\"71\" data-src=\"https:\/\/www.isalebon.fr\/wp-isa\/wp-content\/gallery\/bielorussie\/bielorussie14.jpg\" data-thumbnail=\"https:\/\/www.isalebon.fr\/wp-isa\/wp-content\/gallery\/bielorussie\/thumbs\/thumbs_bielorussie14.jpg\" data-title=\"bielorussie14\" data-description=\" \" >\n\t\t\t\t\t\t\t\t<img title=\"bielorussie14\" alt=\"bielorussie14\" src=\"https:\/\/www.isalebon.fr\/wp-isa\/wp-content\/gallery\/bielorussie\/thumbs\/thumbs_bielorussie14.jpg\" width='150' height='150' \/>\n\t\t\t\t\t\t\t<\/a>\n\t\t\t<span> <\/span>\n\t\t<\/div>\n\t<\/div>\n\t\t \t\t\n\t<div id=\"ngg-image-72\" class=\"ngg-gallery-thumbnail-box\"  >\n\t\t<div class=\"ngg-gallery-thumbnail\" >\n\t\t\t<a href=\"https:\/\/www.isalebon.fr\/wp-isa\/wp-content\/gallery\/bielorussie\/bielorussie15.jpg\"\n               title=\" \"\n                data-image-id=\"72\" data-src=\"https:\/\/www.isalebon.fr\/wp-isa\/wp-content\/gallery\/bielorussie\/bielorussie15.jpg\" data-thumbnail=\"https:\/\/www.isalebon.fr\/wp-isa\/wp-content\/gallery\/bielorussie\/thumbs\/thumbs_bielorussie15.jpg\" data-title=\"bielorussie15\" data-description=\" \" >\n\t\t\t\t\t\t\t\t<img title=\"bielorussie15\" alt=\"bielorussie15\" src=\"https:\/\/www.isalebon.fr\/wp-isa\/wp-content\/gallery\/bielorussie\/thumbs\/thumbs_bielorussie15.jpg\" width='150' height='150' \/>\n\t\t\t\t\t\t\t<\/a>\n\t\t\t<span> <\/span>\n\t\t<\/div>\n\t<\/div>\n\t\t \t\t\n\t<div id=\"ngg-image-73\" class=\"ngg-gallery-thumbnail-box\"  >\n\t\t<div class=\"ngg-gallery-thumbnail\" >\n\t\t\t<a href=\"https:\/\/www.isalebon.fr\/wp-isa\/wp-content\/gallery\/bielorussie\/bielorussie16.jpg\"\n               title=\" \"\n                data-image-id=\"73\" data-src=\"https:\/\/www.isalebon.fr\/wp-isa\/wp-content\/gallery\/bielorussie\/bielorussie16.jpg\" data-thumbnail=\"https:\/\/www.isalebon.fr\/wp-isa\/wp-content\/gallery\/bielorussie\/thumbs\/thumbs_bielorussie16.jpg\" data-title=\"bielorussie16\" data-description=\" \" >\n\t\t\t\t\t\t\t\t<img title=\"bielorussie16\" alt=\"bielorussie16\" src=\"https:\/\/www.isalebon.fr\/wp-isa\/wp-content\/gallery\/bielorussie\/thumbs\/thumbs_bielorussie16.jpg\" width='150' height='150' \/>\n\t\t\t\t\t\t\t<\/a>\n\t\t\t<span> <\/span>\n\t\t<\/div>\n\t<\/div>\n\t\t \t\t\n\t<div id=\"ngg-image-74\" class=\"ngg-gallery-thumbnail-box\"  >\n\t\t<div class=\"ngg-gallery-thumbnail\" >\n\t\t\t<a href=\"https:\/\/www.isalebon.fr\/wp-isa\/wp-content\/gallery\/bielorussie\/bielorussie17.jpg\"\n               title=\" \"\n                data-image-id=\"74\" data-src=\"https:\/\/www.isalebon.fr\/wp-isa\/wp-content\/gallery\/bielorussie\/bielorussie17.jpg\" data-thumbnail=\"https:\/\/www.isalebon.fr\/wp-isa\/wp-content\/gallery\/bielorussie\/thumbs\/thumbs_bielorussie17.jpg\" data-title=\"bielorussie17\" data-description=\" \" >\n\t\t\t\t\t\t\t\t<img title=\"bielorussie17\" alt=\"bielorussie17\" src=\"https:\/\/www.isalebon.fr\/wp-isa\/wp-content\/gallery\/bielorussie\/thumbs\/thumbs_bielorussie17.jpg\" width='150' height='150' \/>\n\t\t\t\t\t\t\t<\/a>\n\t\t\t<span> <\/span>\n\t\t<\/div>\n\t<\/div>\n\t\t \t\t\n\t<div id=\"ngg-image-75\" class=\"ngg-gallery-thumbnail-box\"  >\n\t\t<div class=\"ngg-gallery-thumbnail\" >\n\t\t\t<a href=\"https:\/\/www.isalebon.fr\/wp-isa\/wp-content\/gallery\/bielorussie\/bielorussie18.jpg\"\n               title=\" \"\n                data-image-id=\"75\" data-src=\"https:\/\/www.isalebon.fr\/wp-isa\/wp-content\/gallery\/bielorussie\/bielorussie18.jpg\" data-thumbnail=\"https:\/\/www.isalebon.fr\/wp-isa\/wp-content\/gallery\/bielorussie\/thumbs\/thumbs_bielorussie18.jpg\" data-title=\"bielorussie18\" data-description=\" \" >\n\t\t\t\t\t\t\t\t<img title=\"bielorussie18\" alt=\"bielorussie18\" src=\"https:\/\/www.isalebon.fr\/wp-isa\/wp-content\/gallery\/bielorussie\/thumbs\/thumbs_bielorussie18.jpg\" width='150' height='150' \/>\n\t\t\t\t\t\t\t<\/a>\n\t\t\t<span> <\/span>\n\t\t<\/div>\n\t<\/div>\n\t\t \t\t\n\t<div id=\"ngg-image-76\" class=\"ngg-gallery-thumbnail-box\"  >\n\t\t<div class=\"ngg-gallery-thumbnail\" >\n\t\t\t<a href=\"https:\/\/www.isalebon.fr\/wp-isa\/wp-content\/gallery\/bielorussie\/bielorussie19.jpg\"\n               title=\" \"\n                data-image-id=\"76\" data-src=\"https:\/\/www.isalebon.fr\/wp-isa\/wp-content\/gallery\/bielorussie\/bielorussie19.jpg\" data-thumbnail=\"https:\/\/www.isalebon.fr\/wp-isa\/wp-content\/gallery\/bielorussie\/thumbs\/thumbs_bielorussie19.jpg\" data-title=\"bielorussie19\" data-description=\" \" >\n\t\t\t\t\t\t\t\t<img title=\"bielorussie19\" alt=\"bielorussie19\" src=\"https:\/\/www.isalebon.fr\/wp-isa\/wp-content\/gallery\/bielorussie\/thumbs\/thumbs_bielorussie19.jpg\" width='150' height='150' \/>\n\t\t\t\t\t\t\t<\/a>\n\t\t\t<span> <\/span>\n\t\t<\/div>\n\t<\/div>\n\t\t \t\t\n\t<div id=\"ngg-image-77\" class=\"ngg-gallery-thumbnail-box\"  >\n\t\t<div class=\"ngg-gallery-thumbnail\" >\n\t\t\t<a href=\"https:\/\/www.isalebon.fr\/wp-isa\/wp-content\/gallery\/bielorussie\/bielorussie20.jpg\"\n               title=\" \"\n                data-image-id=\"77\" data-src=\"https:\/\/www.isalebon.fr\/wp-isa\/wp-content\/gallery\/bielorussie\/bielorussie20.jpg\" data-thumbnail=\"https:\/\/www.isalebon.fr\/wp-isa\/wp-content\/gallery\/bielorussie\/thumbs\/thumbs_bielorussie20.jpg\" data-title=\"bielorussie20\" data-description=\" \" >\n\t\t\t\t\t\t\t\t<img title=\"bielorussie20\" alt=\"bielorussie20\" src=\"https:\/\/www.isalebon.fr\/wp-isa\/wp-content\/gallery\/bielorussie\/thumbs\/thumbs_bielorussie20.jpg\" width='150' height='150' \/>\n\t\t\t\t\t\t\t<\/a>\n\t\t\t<span> <\/span>\n\t\t<\/div>\n\t<\/div>\n\t\t \t \t\n\t<!-- Pagination -->\n \t \t\n<\/div>\n\n<\/div>\n<div id=\"textext\"><span class=\"entetexte\">Dans ma vie, je peux dire qu\u2019il y a eu l\u2019avant et l\u2019apr\u00e8s Bi\u00e9lorussie.<\/span><\/p>\n<p>Avant, je n\u2019ai pour ainsi dire jamais entendu parler de la Bi\u00e9lorussie et encore moins des villes dans lesquelles nous nous sommes arr\u00eat\u00e9s : Kobrin, Minsk, Gomel, Moguilev\u2026<br \/>\nAucune histoire, aucune image m\u00eame floue, ne prennent forme \u00e0 l\u2019\u00e9vocation de ce pays.<br \/>\nJe constate seulement en regardant la carte de notre parcours que la ville de Tchernobyl situ\u00e9 en Ukraine n\u2019est pas si loin\u2026<\/p>\n<p>Je suis photographe et je vais accompagner la mission humanitaire de la MHIGE (groupement d\u2019\u00e9tudiants des grandes \u00e9coles). Objectif: rapporter en Bi\u00e9lorussie du mat\u00e9riel m\u00e9dical, des v\u00eatements et des jouets : 44 % de la population vit en dessous du seuil du pauvret\u00e9 et 70 % des \u00e9manations radioactives de Tchernobyl ont atterri c\u00f4t\u00e9 Bi\u00e9lorusse.<\/p>\n<p>Avant de partir, je lis le livre de Svetlana Alexievitch \u00ab Tchernobyl, chronique du monde apr\u00e8s l\u2019apocalypse \u00bb. Je suis pleine de ce drame humain, de la mis\u00e8re et de l\u2019indiff\u00e9rence du monde\u2026<br \/>\nJ\u2019ai peur de ce que nous allons d\u00e9couvrir. Mais, il n\u2019est plus temps d\u2019h\u00e9siter. Les 28 camionnettes et le 38 tonnes sont charg\u00e9s, le convoi traversera l\u2019Allemagne, la Pologne et enfin la Bi\u00e9lorussie.<\/p>\n<p>C\u2019est \u00e0 partir de ce moment pr\u00e9cis que mes photos prennent le relais des mots\u2026 Cette mission n\u2019est qu\u2019une goutte d\u2019eau dans l\u2019oc\u00e9an des besoins qui submergent ce pays\u2026 mais je suis fi\u00e8re d\u2019y avoir participer \u00e0 ma mani\u00e8re ; c&rsquo;est-\u00e0-dire en vous racontant \u00e0 mon tour et \u00e0 ma fa\u00e7on ce que j\u2019ai entrevu de ce pays.<br \/>\nEn esp\u00e9rant que mes photos fassent route jusqu\u2019\u00e0 vous et qu\u2019elles brisent l\u2019indiff\u00e9rence et l\u2019ignorance.<br \/>\n<span class=\"signa\">Isabelle Lebon \/ Photographe<\/span><\/div>\n","protected":false},"excerpt":{"rendered":"<p>Dans ma vie, je peux dire qu\u2019il y a eu l\u2019avant et l\u2019apr\u00e8s Bi\u00e9lorussie. Avant, je n\u2019ai pour ainsi dire jamais entendu parler de la Bi\u00e9lorussie et encore moins des villes dans lesquelles nous nous sommes arr\u00eat\u00e9s : Kobrin, Minsk, Gomel, Moguilev\u2026 Aucune histoire, aucune image m\u00eame floue, ne prennent forme \u00e0 l\u2019\u00e9vocation de ce [&hellip;]<\/p>\n","protected":false},"author":2,"featured_media":0,"parent":0,"menu_order":0,"comment_status":"closed","ping_status":"closed","template":"templates\/full-width-page.php","meta":{"ngg_post_thumbnail":0},"_links":{"self":[{"href":"https:\/\/www.isalebon.fr\/index.php?rest_route=\/wp\/v2\/pages\/112"}],"collection":[{"href":"https:\/\/www.isalebon.fr\/index.php?rest_route=\/wp\/v2\/pages"}],"about":[{"href":"https:\/\/www.isalebon.fr\/index.php?rest_route=\/wp\/v2\/types\/page"}],"author":[{"embeddable":true,"href":"https:\/\/www.isalebon.fr\/index.php?rest_route=\/wp\/v2\/users\/2"}],"replies":[{"embeddable":true,"href":"https:\/\/www.isalebon.fr\/index.php?rest_route=%2Fwp%2Fv2%2Fcomments&post=112"}],"version-history":[{"count":48,"href":"https:\/\/www.isalebon.fr\/index.php?rest_route=\/wp\/v2\/pages\/112\/revisions"}],"predecessor-version":[{"id":1121,"href":"https:\/\/www.isalebon.fr\/index.php?rest_route=\/wp\/v2\/pages\/112\/revisions\/1121"}],"wp:attachment":[{"href":"https:\/\/www.isalebon.fr\/index.php?rest_route=%2Fwp%2Fv2%2Fmedia&parent=112"}],"curies":[{"name":"wp","href":"https:\/\/api.w.org\/{rel}","templated":true}]}}