{"id":160,"date":"2012-06-21T07:34:35","date_gmt":"2012-06-21T06:34:35","guid":{"rendered":"https:\/\/www.isalebon.fr\/wp-isa\/?page_id=160"},"modified":"2016-11-29T00:51:55","modified_gmt":"2016-11-28T23:51:55","slug":"virage","status":"publish","type":"page","link":"https:\/\/www.isalebon.fr\/?page_id=160","title":{"rendered":"Virage"},"content":{"rendered":"<div id=\"textphotos\"><!-- default-view.php -->\n<div\n\tclass=\"ngg-galleryoverview default-view  ngg-ajax-pagination-none\"\n\tid=\"ngg-gallery-a963acedfb1b1eb390e5d39ce5a20d25-1\">\n\n\t\t<!-- Thumbnails -->\n\t\t\t\t<div id=\"ngg-image-0\" class=\"ngg-gallery-thumbnail-box \" >\n\t\t\t\t        <div class=\"ngg-gallery-thumbnail\">\n            <a href=\"https:\/\/www.isalebon.fr\/wp-isa\/wp-content\/gallery\/virage\/virage01.jpg\"\n               title=\"\"\n               data-src=\"https:\/\/www.isalebon.fr\/wp-isa\/wp-content\/gallery\/virage\/virage01.jpg\"\n               data-thumbnail=\"https:\/\/www.isalebon.fr\/wp-isa\/wp-content\/gallery\/virage\/thumbs\/thumbs_virage01.jpg\"\n               data-image-id=\"78\"\n               data-title=\"virage01\"\n               data-description=\"\"\n               data-image-slug=\"virage01\"\n               >\n                <img\n                    title=\"virage01\"\n                    alt=\"virage01\"\n                    src=\"https:\/\/www.isalebon.fr\/wp-isa\/wp-content\/gallery\/virage\/thumbs\/thumbs_virage01.jpg\"\n                    width=\"150\"\n                    height=\"150\"\n                    style=\"max-width:100%;\"\n                \/>\n            <\/a>\n        <\/div>\n\t\t\t\t\t\t\t<\/div> \n\t\t\t\n\t\t\t\t<div id=\"ngg-image-1\" class=\"ngg-gallery-thumbnail-box \" >\n\t\t\t\t        <div class=\"ngg-gallery-thumbnail\">\n            <a href=\"https:\/\/www.isalebon.fr\/wp-isa\/wp-content\/gallery\/virage\/virage02.jpg\"\n               title=\"\"\n               data-src=\"https:\/\/www.isalebon.fr\/wp-isa\/wp-content\/gallery\/virage\/virage02.jpg\"\n               data-thumbnail=\"https:\/\/www.isalebon.fr\/wp-isa\/wp-content\/gallery\/virage\/thumbs\/thumbs_virage02.jpg\"\n               data-image-id=\"79\"\n               data-title=\"virage02\"\n               data-description=\"\"\n               data-image-slug=\"virage02\"\n               >\n                <img\n                    title=\"virage02\"\n                    alt=\"virage02\"\n                    src=\"https:\/\/www.isalebon.fr\/wp-isa\/wp-content\/gallery\/virage\/thumbs\/thumbs_virage02.jpg\"\n                    width=\"150\"\n                    height=\"150\"\n                    style=\"max-width:100%;\"\n                \/>\n            <\/a>\n        <\/div>\n\t\t\t\t\t\t\t<\/div> \n\t\t\t\n\t\t\t\t<div id=\"ngg-image-2\" class=\"ngg-gallery-thumbnail-box \" >\n\t\t\t\t        <div class=\"ngg-gallery-thumbnail\">\n            <a href=\"https:\/\/www.isalebon.fr\/wp-isa\/wp-content\/gallery\/virage\/virage03.jpg\"\n               title=\"\"\n               data-src=\"https:\/\/www.isalebon.fr\/wp-isa\/wp-content\/gallery\/virage\/virage03.jpg\"\n               data-thumbnail=\"https:\/\/www.isalebon.fr\/wp-isa\/wp-content\/gallery\/virage\/thumbs\/thumbs_virage03.jpg\"\n               data-image-id=\"80\"\n               data-title=\"virage03\"\n               data-description=\"\"\n               data-image-slug=\"virage03\"\n               >\n                <img\n                    title=\"virage03\"\n                    alt=\"virage03\"\n                    src=\"https:\/\/www.isalebon.fr\/wp-isa\/wp-content\/gallery\/virage\/thumbs\/thumbs_virage03.jpg\"\n                    width=\"150\"\n                    height=\"150\"\n                    style=\"max-width:100%;\"\n                \/>\n            <\/a>\n        <\/div>\n\t\t\t\t\t\t\t<\/div> \n\t\t\t\n\t\t\t\t<div id=\"ngg-image-3\" class=\"ngg-gallery-thumbnail-box \" >\n\t\t\t\t        <div class=\"ngg-gallery-thumbnail\">\n            <a href=\"https:\/\/www.isalebon.fr\/wp-isa\/wp-content\/gallery\/virage\/virage04.jpg\"\n               title=\"\"\n               data-src=\"https:\/\/www.isalebon.fr\/wp-isa\/wp-content\/gallery\/virage\/virage04.jpg\"\n               data-thumbnail=\"https:\/\/www.isalebon.fr\/wp-isa\/wp-content\/gallery\/virage\/thumbs\/thumbs_virage04.jpg\"\n               data-image-id=\"81\"\n               data-title=\"virage04\"\n               data-description=\"\"\n               data-image-slug=\"virage04\"\n               >\n                <img\n                    title=\"virage04\"\n                    alt=\"virage04\"\n                    src=\"https:\/\/www.isalebon.fr\/wp-isa\/wp-content\/gallery\/virage\/thumbs\/thumbs_virage04.jpg\"\n                    width=\"150\"\n                    height=\"150\"\n                    style=\"max-width:100%;\"\n                \/>\n            <\/a>\n        <\/div>\n\t\t\t\t\t\t\t<\/div> \n\t\t\t\n\t\t\t\t<div id=\"ngg-image-4\" class=\"ngg-gallery-thumbnail-box \" >\n\t\t\t\t        <div class=\"ngg-gallery-thumbnail\">\n            <a href=\"https:\/\/www.isalebon.fr\/wp-isa\/wp-content\/gallery\/virage\/virage05.jpg\"\n               title=\"\"\n               data-src=\"https:\/\/www.isalebon.fr\/wp-isa\/wp-content\/gallery\/virage\/virage05.jpg\"\n               data-thumbnail=\"https:\/\/www.isalebon.fr\/wp-isa\/wp-content\/gallery\/virage\/thumbs\/thumbs_virage05.jpg\"\n               data-image-id=\"82\"\n               data-title=\"virage05\"\n               data-description=\"\"\n               data-image-slug=\"virage05\"\n               >\n                <img\n                    title=\"virage05\"\n                    alt=\"virage05\"\n                    src=\"https:\/\/www.isalebon.fr\/wp-isa\/wp-content\/gallery\/virage\/thumbs\/thumbs_virage05.jpg\"\n                    width=\"150\"\n                    height=\"150\"\n                    style=\"max-width:100%;\"\n                \/>\n            <\/a>\n        <\/div>\n\t\t\t\t\t\t\t<\/div> \n\t\t\t\n\t\t\t\t<div id=\"ngg-image-5\" class=\"ngg-gallery-thumbnail-box \" >\n\t\t\t\t        <div class=\"ngg-gallery-thumbnail\">\n            <a href=\"https:\/\/www.isalebon.fr\/wp-isa\/wp-content\/gallery\/virage\/virage06.jpg\"\n               title=\"\"\n               data-src=\"https:\/\/www.isalebon.fr\/wp-isa\/wp-content\/gallery\/virage\/virage06.jpg\"\n               data-thumbnail=\"https:\/\/www.isalebon.fr\/wp-isa\/wp-content\/gallery\/virage\/thumbs\/thumbs_virage06.jpg\"\n               data-image-id=\"83\"\n               data-title=\"virage06\"\n               data-description=\"\"\n               data-image-slug=\"virage06\"\n               >\n                <img\n                    title=\"virage06\"\n                    alt=\"virage06\"\n                    src=\"https:\/\/www.isalebon.fr\/wp-isa\/wp-content\/gallery\/virage\/thumbs\/thumbs_virage06.jpg\"\n                    width=\"150\"\n                    height=\"150\"\n                    style=\"max-width:100%;\"\n                \/>\n            <\/a>\n        <\/div>\n\t\t\t\t\t\t\t<\/div> \n\t\t\t\n\t\t\t\t<div id=\"ngg-image-6\" class=\"ngg-gallery-thumbnail-box \" >\n\t\t\t\t        <div class=\"ngg-gallery-thumbnail\">\n            <a href=\"https:\/\/www.isalebon.fr\/wp-isa\/wp-content\/gallery\/virage\/virage07.jpg\"\n               title=\"\"\n               data-src=\"https:\/\/www.isalebon.fr\/wp-isa\/wp-content\/gallery\/virage\/virage07.jpg\"\n               data-thumbnail=\"https:\/\/www.isalebon.fr\/wp-isa\/wp-content\/gallery\/virage\/thumbs\/thumbs_virage07.jpg\"\n               data-image-id=\"84\"\n               data-title=\"virage07\"\n               data-description=\"\"\n               data-image-slug=\"virage07\"\n               >\n                <img\n                    title=\"virage07\"\n                    alt=\"virage07\"\n                    src=\"https:\/\/www.isalebon.fr\/wp-isa\/wp-content\/gallery\/virage\/thumbs\/thumbs_virage07.jpg\"\n                    width=\"150\"\n                    height=\"150\"\n                    style=\"max-width:100%;\"\n                \/>\n            <\/a>\n        <\/div>\n\t\t\t\t\t\t\t<\/div> \n\t\t\t\n\t\t\t\t<div id=\"ngg-image-7\" class=\"ngg-gallery-thumbnail-box \" >\n\t\t\t\t        <div class=\"ngg-gallery-thumbnail\">\n            <a href=\"https:\/\/www.isalebon.fr\/wp-isa\/wp-content\/gallery\/virage\/virage08.jpg\"\n               title=\"\"\n               data-src=\"https:\/\/www.isalebon.fr\/wp-isa\/wp-content\/gallery\/virage\/virage08.jpg\"\n               data-thumbnail=\"https:\/\/www.isalebon.fr\/wp-isa\/wp-content\/gallery\/virage\/thumbs\/thumbs_virage08.jpg\"\n               data-image-id=\"85\"\n               data-title=\"virage08\"\n               data-description=\"\"\n               data-image-slug=\"virage08\"\n               >\n                <img\n                    title=\"virage08\"\n                    alt=\"virage08\"\n                    src=\"https:\/\/www.isalebon.fr\/wp-isa\/wp-content\/gallery\/virage\/thumbs\/thumbs_virage08.jpg\"\n                    width=\"150\"\n                    height=\"150\"\n                    style=\"max-width:100%;\"\n                \/>\n            <\/a>\n        <\/div>\n\t\t\t\t\t\t\t<\/div> \n\t\t\t\n\t\t\t\t<div id=\"ngg-image-8\" class=\"ngg-gallery-thumbnail-box \" >\n\t\t\t\t        <div class=\"ngg-gallery-thumbnail\">\n            <a href=\"https:\/\/www.isalebon.fr\/wp-isa\/wp-content\/gallery\/virage\/virage09.jpg\"\n               title=\"\"\n               data-src=\"https:\/\/www.isalebon.fr\/wp-isa\/wp-content\/gallery\/virage\/virage09.jpg\"\n               data-thumbnail=\"https:\/\/www.isalebon.fr\/wp-isa\/wp-content\/gallery\/virage\/thumbs\/thumbs_virage09.jpg\"\n               data-image-id=\"86\"\n               data-title=\"virage09\"\n               data-description=\"\"\n               data-image-slug=\"virage09\"\n               >\n                <img\n                    title=\"virage09\"\n                    alt=\"virage09\"\n                    src=\"https:\/\/www.isalebon.fr\/wp-isa\/wp-content\/gallery\/virage\/thumbs\/thumbs_virage09.jpg\"\n                    width=\"150\"\n                    height=\"150\"\n                    style=\"max-width:100%;\"\n                \/>\n            <\/a>\n        <\/div>\n\t\t\t\t\t\t\t<\/div> \n\t\t\t\n\t\t\t\t<div id=\"ngg-image-9\" class=\"ngg-gallery-thumbnail-box \" >\n\t\t\t\t        <div class=\"ngg-gallery-thumbnail\">\n            <a href=\"https:\/\/www.isalebon.fr\/wp-isa\/wp-content\/gallery\/virage\/virage10.jpg\"\n               title=\"\"\n               data-src=\"https:\/\/www.isalebon.fr\/wp-isa\/wp-content\/gallery\/virage\/virage10.jpg\"\n               data-thumbnail=\"https:\/\/www.isalebon.fr\/wp-isa\/wp-content\/gallery\/virage\/thumbs\/thumbs_virage10.jpg\"\n               data-image-id=\"87\"\n               data-title=\"virage10\"\n               data-description=\"\"\n               data-image-slug=\"virage10\"\n               >\n                <img\n                    title=\"virage10\"\n                    alt=\"virage10\"\n                    src=\"https:\/\/www.isalebon.fr\/wp-isa\/wp-content\/gallery\/virage\/thumbs\/thumbs_virage10.jpg\"\n                    width=\"150\"\n                    height=\"150\"\n                    style=\"max-width:100%;\"\n                \/>\n            <\/a>\n        <\/div>\n\t\t\t\t\t\t\t<\/div> \n\t\t\t\n\t\t\t\t<div id=\"ngg-image-10\" class=\"ngg-gallery-thumbnail-box \" >\n\t\t\t\t        <div class=\"ngg-gallery-thumbnail\">\n            <a href=\"https:\/\/www.isalebon.fr\/wp-isa\/wp-content\/gallery\/virage\/virage11.jpg\"\n               title=\"\"\n               data-src=\"https:\/\/www.isalebon.fr\/wp-isa\/wp-content\/gallery\/virage\/virage11.jpg\"\n               data-thumbnail=\"https:\/\/www.isalebon.fr\/wp-isa\/wp-content\/gallery\/virage\/thumbs\/thumbs_virage11.jpg\"\n               data-image-id=\"88\"\n               data-title=\"virage11\"\n               data-description=\"\"\n               data-image-slug=\"virage11\"\n               >\n                <img\n                    title=\"virage11\"\n                    alt=\"virage11\"\n                    src=\"https:\/\/www.isalebon.fr\/wp-isa\/wp-content\/gallery\/virage\/thumbs\/thumbs_virage11.jpg\"\n                    width=\"150\"\n                    height=\"150\"\n                    style=\"max-width:100%;\"\n                \/>\n            <\/a>\n        <\/div>\n\t\t\t\t\t\t\t<\/div> \n\t\t\t\n\t\t\t\t<div id=\"ngg-image-11\" class=\"ngg-gallery-thumbnail-box \" >\n\t\t\t\t        <div class=\"ngg-gallery-thumbnail\">\n            <a href=\"https:\/\/www.isalebon.fr\/wp-isa\/wp-content\/gallery\/virage\/virage12.jpg\"\n               title=\"\"\n               data-src=\"https:\/\/www.isalebon.fr\/wp-isa\/wp-content\/gallery\/virage\/virage12.jpg\"\n               data-thumbnail=\"https:\/\/www.isalebon.fr\/wp-isa\/wp-content\/gallery\/virage\/thumbs\/thumbs_virage12.jpg\"\n               data-image-id=\"89\"\n               data-title=\"virage12\"\n               data-description=\"\"\n               data-image-slug=\"virage12\"\n               >\n                <img\n                    title=\"virage12\"\n                    alt=\"virage12\"\n                    src=\"https:\/\/www.isalebon.fr\/wp-isa\/wp-content\/gallery\/virage\/thumbs\/thumbs_virage12.jpg\"\n                    width=\"150\"\n                    height=\"150\"\n                    style=\"max-width:100%;\"\n                \/>\n            <\/a>\n        <\/div>\n\t\t\t\t\t\t\t<\/div> \n\t\t\t\n\t\t\t\t<div id=\"ngg-image-12\" class=\"ngg-gallery-thumbnail-box \" >\n\t\t\t\t        <div class=\"ngg-gallery-thumbnail\">\n            <a href=\"https:\/\/www.isalebon.fr\/wp-isa\/wp-content\/gallery\/virage\/virage13.jpg\"\n               title=\"\"\n               data-src=\"https:\/\/www.isalebon.fr\/wp-isa\/wp-content\/gallery\/virage\/virage13.jpg\"\n               data-thumbnail=\"https:\/\/www.isalebon.fr\/wp-isa\/wp-content\/gallery\/virage\/thumbs\/thumbs_virage13.jpg\"\n               data-image-id=\"90\"\n               data-title=\"virage13\"\n               data-description=\"\"\n               data-image-slug=\"virage13\"\n               >\n                <img\n                    title=\"virage13\"\n                    alt=\"virage13\"\n                    src=\"https:\/\/www.isalebon.fr\/wp-isa\/wp-content\/gallery\/virage\/thumbs\/thumbs_virage13.jpg\"\n                    width=\"150\"\n                    height=\"150\"\n                    style=\"max-width:100%;\"\n                \/>\n            <\/a>\n        <\/div>\n\t\t\t\t\t\t\t<\/div> \n\t\t\t\n\t\t\t\t<div id=\"ngg-image-13\" class=\"ngg-gallery-thumbnail-box \" >\n\t\t\t\t        <div class=\"ngg-gallery-thumbnail\">\n            <a href=\"https:\/\/www.isalebon.fr\/wp-isa\/wp-content\/gallery\/virage\/virage14.jpg\"\n               title=\"\"\n               data-src=\"https:\/\/www.isalebon.fr\/wp-isa\/wp-content\/gallery\/virage\/virage14.jpg\"\n               data-thumbnail=\"https:\/\/www.isalebon.fr\/wp-isa\/wp-content\/gallery\/virage\/thumbs\/thumbs_virage14.jpg\"\n               data-image-id=\"91\"\n               data-title=\"virage14\"\n               data-description=\"\"\n               data-image-slug=\"virage14\"\n               >\n                <img\n                    title=\"virage14\"\n                    alt=\"virage14\"\n                    src=\"https:\/\/www.isalebon.fr\/wp-isa\/wp-content\/gallery\/virage\/thumbs\/thumbs_virage14.jpg\"\n                    width=\"150\"\n                    height=\"150\"\n                    style=\"max-width:100%;\"\n                \/>\n            <\/a>\n        <\/div>\n\t\t\t\t\t\t\t<\/div> \n\t\t\t\n\t\t\t\t<div id=\"ngg-image-14\" class=\"ngg-gallery-thumbnail-box \" >\n\t\t\t\t        <div class=\"ngg-gallery-thumbnail\">\n            <a href=\"https:\/\/www.isalebon.fr\/wp-isa\/wp-content\/gallery\/virage\/virage15.jpg\"\n               title=\"\"\n               data-src=\"https:\/\/www.isalebon.fr\/wp-isa\/wp-content\/gallery\/virage\/virage15.jpg\"\n               data-thumbnail=\"https:\/\/www.isalebon.fr\/wp-isa\/wp-content\/gallery\/virage\/thumbs\/thumbs_virage15.jpg\"\n               data-image-id=\"92\"\n               data-title=\"virage15\"\n               data-description=\"\"\n               data-image-slug=\"virage15\"\n               >\n                <img\n                    title=\"virage15\"\n                    alt=\"virage15\"\n                    src=\"https:\/\/www.isalebon.fr\/wp-isa\/wp-content\/gallery\/virage\/thumbs\/thumbs_virage15.jpg\"\n                    width=\"150\"\n                    height=\"150\"\n                    style=\"max-width:100%;\"\n                \/>\n            <\/a>\n        <\/div>\n\t\t\t\t\t\t\t<\/div> \n\t\t\t\n\t\t\t\t<div id=\"ngg-image-15\" class=\"ngg-gallery-thumbnail-box \" >\n\t\t\t\t        <div class=\"ngg-gallery-thumbnail\">\n            <a href=\"https:\/\/www.isalebon.fr\/wp-isa\/wp-content\/gallery\/virage\/virage16.jpg\"\n               title=\"\"\n               data-src=\"https:\/\/www.isalebon.fr\/wp-isa\/wp-content\/gallery\/virage\/virage16.jpg\"\n               data-thumbnail=\"https:\/\/www.isalebon.fr\/wp-isa\/wp-content\/gallery\/virage\/thumbs\/thumbs_virage16.jpg\"\n               data-image-id=\"93\"\n               data-title=\"virage16\"\n               data-description=\"\"\n               data-image-slug=\"virage16\"\n               >\n                <img\n                    title=\"virage16\"\n                    alt=\"virage16\"\n                    src=\"https:\/\/www.isalebon.fr\/wp-isa\/wp-content\/gallery\/virage\/thumbs\/thumbs_virage16.jpg\"\n                    width=\"150\"\n                    height=\"150\"\n                    style=\"max-width:100%;\"\n                \/>\n            <\/a>\n        <\/div>\n\t\t\t\t\t\t\t<\/div> \n\t\t\t\n\t\t\t\t<div id=\"ngg-image-16\" class=\"ngg-gallery-thumbnail-box \" >\n\t\t\t\t        <div class=\"ngg-gallery-thumbnail\">\n            <a href=\"https:\/\/www.isalebon.fr\/wp-isa\/wp-content\/gallery\/virage\/virage17.jpg\"\n               title=\"\"\n               data-src=\"https:\/\/www.isalebon.fr\/wp-isa\/wp-content\/gallery\/virage\/virage17.jpg\"\n               data-thumbnail=\"https:\/\/www.isalebon.fr\/wp-isa\/wp-content\/gallery\/virage\/thumbs\/thumbs_virage17.jpg\"\n               data-image-id=\"94\"\n               data-title=\"virage17\"\n               data-description=\"\"\n               data-image-slug=\"virage17\"\n               >\n                <img\n                    title=\"virage17\"\n                    alt=\"virage17\"\n                    src=\"https:\/\/www.isalebon.fr\/wp-isa\/wp-content\/gallery\/virage\/thumbs\/thumbs_virage17.jpg\"\n                    width=\"150\"\n                    height=\"150\"\n                    style=\"max-width:100%;\"\n                \/>\n            <\/a>\n        <\/div>\n\t\t\t\t\t\t\t<\/div> \n\t\t\t\n\t\t\t\t<div id=\"ngg-image-17\" class=\"ngg-gallery-thumbnail-box \" >\n\t\t\t\t        <div class=\"ngg-gallery-thumbnail\">\n            <a href=\"https:\/\/www.isalebon.fr\/wp-isa\/wp-content\/gallery\/virage\/virage18.jpg\"\n               title=\"\"\n               data-src=\"https:\/\/www.isalebon.fr\/wp-isa\/wp-content\/gallery\/virage\/virage18.jpg\"\n               data-thumbnail=\"https:\/\/www.isalebon.fr\/wp-isa\/wp-content\/gallery\/virage\/thumbs\/thumbs_virage18.jpg\"\n               data-image-id=\"95\"\n               data-title=\"virage18\"\n               data-description=\"\"\n               data-image-slug=\"virage18\"\n               >\n                <img\n                    title=\"virage18\"\n                    alt=\"virage18\"\n                    src=\"https:\/\/www.isalebon.fr\/wp-isa\/wp-content\/gallery\/virage\/thumbs\/thumbs_virage18.jpg\"\n                    width=\"150\"\n                    height=\"150\"\n                    style=\"max-width:100%;\"\n                \/>\n            <\/a>\n        <\/div>\n\t\t\t\t\t\t\t<\/div> \n\t\t\t\n\t\n\t<br style=\"clear: both\" \/>\n\n\t\n\t\t<div class=\"ngg-clear\"><\/div>\n\t<\/div>\n<\/div>\n<div id=\"textext\"><span class=\"entetexte\">C\u2019est l\u2019histoire d\u2019hommes et de femmes que nous avons \u00e9t\u00e9, que nous sommes et que nous serons. Des hommes et des femmes pr\u00e9cipit\u00e9s dans la vague du temps.<\/span><\/p>\n<p>C\u2019est arriv\u00e9 un matin, sans pr\u00e9venir. Sur le coup, ils n\u2019ont rien senti. Ce dr\u00f4le de sentiment que quelque chose avait vir\u00e9 pendant la nuit, ils l\u2019ont d\u2019abord per\u00e7u dans les regards. Celui du fils, du voisin, du facteur pour s\u2019\u00e9tendre \u00e0 celui du monde. C\u2019\u00e9tait l\u00e0, immense, \u00e9vident, in\u00e9luctable : ils \u00e9taient devenus vieux.<br \/>\nUne conspiration de plus en plus tangible.<\/p>\n<p>La nuit s\u2019\u00e9tait mise elle aussi, \u00e0 ne plus leur offrir le m\u00eame repos, \u00e0 cause des chuchotements dans la t\u00eate \u00e0 moins que ce f\u00fbt au dessus du lit. Eux aussi, ils avaient d\u00fb l\u2019apprendre la vieillesse ! Un regard, une allure, un v\u00eatement, une douleur indistincte dans le corps, un seul de ces d\u00e9tails suffisait \u00e0 leur verdict.<\/p>\n<p>Et si nous passions les fronti\u00e8res de la peur, nous que la vieillesse bouleverse, d\u00e9range ou effraie parfois.<br \/>\nEt si nous prenions la peine de participer \u00e0 cette palette de vie remplie de tant de routes, d\u2019erreurs, de volont\u00e9, de secrets, de passions, dans leurs interstices d\u2019ombre et de lumi\u00e8re.<\/p>\n<p>Plus que jamais, que dans ce dense \u00e9ph\u00e9m\u00e8re, leur danse de la vie nous r\u00e9concilie avec ces hommes et ces femmes comme avec nous m\u00eame.<br \/>\n<span class=\"signa\">Isabelle Lebon \/ Photographe<\/span>\n<\/div>\n","protected":false},"excerpt":{"rendered":"<p>C\u2019est l\u2019histoire d\u2019hommes et de femmes que nous avons \u00e9t\u00e9, que nous sommes et que nous serons. Des hommes et des femmes pr\u00e9cipit\u00e9s dans la vague du temps. C\u2019est arriv\u00e9 un matin, sans pr\u00e9venir. Sur le coup, ils n\u2019ont rien senti. Ce dr\u00f4le de sentiment que quelque chose avait vir\u00e9 pendant la nuit, ils l\u2019ont [&hellip;]<\/p>\n","protected":false},"author":2,"featured_media":0,"parent":0,"menu_order":0,"comment_status":"closed","ping_status":"closed","template":"templates\/full-width-page.php","meta":{"ngg_post_thumbnail":0},"_links":{"self":[{"href":"https:\/\/www.isalebon.fr\/index.php?rest_route=\/wp\/v2\/pages\/160"}],"collection":[{"href":"https:\/\/www.isalebon.fr\/index.php?rest_route=\/wp\/v2\/pages"}],"about":[{"href":"https:\/\/www.isalebon.fr\/index.php?rest_route=\/wp\/v2\/types\/page"}],"author":[{"embeddable":true,"href":"https:\/\/www.isalebon.fr\/index.php?rest_route=\/wp\/v2\/users\/2"}],"replies":[{"embeddable":true,"href":"https:\/\/www.isalebon.fr\/index.php?rest_route=%2Fwp%2Fv2%2Fcomments&post=160"}],"version-history":[{"count":11,"href":"https:\/\/www.isalebon.fr\/index.php?rest_route=\/wp\/v2\/pages\/160\/revisions"}],"predecessor-version":[{"id":1141,"href":"https:\/\/www.isalebon.fr\/index.php?rest_route=\/wp\/v2\/pages\/160\/revisions\/1141"}],"wp:attachment":[{"href":"https:\/\/www.isalebon.fr\/index.php?rest_route=%2Fwp%2Fv2%2Fmedia&parent=160"}],"curies":[{"name":"wp","href":"https:\/\/api.w.org\/{rel}","templated":true}]}}