{"id":333,"date":"2012-08-17T01:07:32","date_gmt":"2012-08-17T00:07:32","guid":{"rendered":"https:\/\/www.isalebon.fr\/wp-isa\/?page_id=333"},"modified":"2016-11-29T00:23:22","modified_gmt":"2016-11-28T23:23:22","slug":"in-situ","status":"publish","type":"page","link":"https:\/\/www.isalebon.fr\/?page_id=333","title":{"rendered":"In situ"},"content":{"rendered":"<div id=\"textphotos\"><!-- default-view.php -->\n<div\n\tclass=\"ngg-galleryoverview default-view  ngg-ajax-pagination-none\"\n\tid=\"ngg-gallery-6c2023c40f219eb5955f63e9c49a0a43-1\">\n\n\t\t<!-- Thumbnails -->\n\t\t\t\t<div id=\"ngg-image-0\" class=\"ngg-gallery-thumbnail-box \" >\n\t\t\t\t        <div class=\"ngg-gallery-thumbnail\">\n            <a href=\"https:\/\/www.isalebon.fr\/wp-isa\/wp-content\/gallery\/in-situ\/montage1insitu_01.jpg\"\n               title=\"\"\n               data-src=\"https:\/\/www.isalebon.fr\/wp-isa\/wp-content\/gallery\/in-situ\/montage1insitu_01.jpg\"\n               data-thumbnail=\"https:\/\/www.isalebon.fr\/wp-isa\/wp-content\/gallery\/in-situ\/thumbs\/thumbs_montage1insitu_01.jpg\"\n               data-image-id=\"286\"\n               data-title=\"montage1insitu_01\"\n               data-description=\"\"\n               data-image-slug=\"montage1insitu_01\"\n               >\n                <img\n                    title=\"montage1insitu_01\"\n                    alt=\"montage1insitu_01\"\n                    src=\"https:\/\/www.isalebon.fr\/wp-isa\/wp-content\/gallery\/in-situ\/thumbs\/thumbs_montage1insitu_01.jpg\"\n                    width=\"150\"\n                    height=\"150\"\n                    style=\"max-width:100%;\"\n                \/>\n            <\/a>\n        <\/div>\n\t\t\t\t\t\t\t<\/div> \n\t\t\t\n\t\t\t\t<div id=\"ngg-image-1\" class=\"ngg-gallery-thumbnail-box \" >\n\t\t\t\t        <div class=\"ngg-gallery-thumbnail\">\n            <a href=\"https:\/\/www.isalebon.fr\/wp-isa\/wp-content\/gallery\/in-situ\/montage1insitu_02.jpg\"\n               title=\"\"\n               data-src=\"https:\/\/www.isalebon.fr\/wp-isa\/wp-content\/gallery\/in-situ\/montage1insitu_02.jpg\"\n               data-thumbnail=\"https:\/\/www.isalebon.fr\/wp-isa\/wp-content\/gallery\/in-situ\/thumbs\/thumbs_montage1insitu_02.jpg\"\n               data-image-id=\"287\"\n               data-title=\"montage1insitu_02\"\n               data-description=\"\"\n               data-image-slug=\"montage1insitu_02\"\n               >\n                <img\n                    title=\"montage1insitu_02\"\n                    alt=\"montage1insitu_02\"\n                    src=\"https:\/\/www.isalebon.fr\/wp-isa\/wp-content\/gallery\/in-situ\/thumbs\/thumbs_montage1insitu_02.jpg\"\n                    width=\"150\"\n                    height=\"150\"\n                    style=\"max-width:100%;\"\n                \/>\n            <\/a>\n        <\/div>\n\t\t\t\t\t\t\t<\/div> \n\t\t\t\n\t\t\t\t<div id=\"ngg-image-2\" class=\"ngg-gallery-thumbnail-box \" >\n\t\t\t\t        <div class=\"ngg-gallery-thumbnail\">\n            <a href=\"https:\/\/www.isalebon.fr\/wp-isa\/wp-content\/gallery\/in-situ\/montage1insitu_03.jpg\"\n               title=\"\"\n               data-src=\"https:\/\/www.isalebon.fr\/wp-isa\/wp-content\/gallery\/in-situ\/montage1insitu_03.jpg\"\n               data-thumbnail=\"https:\/\/www.isalebon.fr\/wp-isa\/wp-content\/gallery\/in-situ\/thumbs\/thumbs_montage1insitu_03.jpg\"\n               data-image-id=\"288\"\n               data-title=\"montage1insitu_03\"\n               data-description=\"\"\n               data-image-slug=\"montage1insitu_03\"\n               >\n                <img\n                    title=\"montage1insitu_03\"\n                    alt=\"montage1insitu_03\"\n                    src=\"https:\/\/www.isalebon.fr\/wp-isa\/wp-content\/gallery\/in-situ\/thumbs\/thumbs_montage1insitu_03.jpg\"\n                    width=\"150\"\n                    height=\"150\"\n                    style=\"max-width:100%;\"\n                \/>\n            <\/a>\n        <\/div>\n\t\t\t\t\t\t\t<\/div> \n\t\t\t\n\t\t\t\t<div id=\"ngg-image-3\" class=\"ngg-gallery-thumbnail-box \" >\n\t\t\t\t        <div class=\"ngg-gallery-thumbnail\">\n            <a href=\"https:\/\/www.isalebon.fr\/wp-isa\/wp-content\/gallery\/in-situ\/montage1insitu_04.jpg\"\n               title=\"\"\n               data-src=\"https:\/\/www.isalebon.fr\/wp-isa\/wp-content\/gallery\/in-situ\/montage1insitu_04.jpg\"\n               data-thumbnail=\"https:\/\/www.isalebon.fr\/wp-isa\/wp-content\/gallery\/in-situ\/thumbs\/thumbs_montage1insitu_04.jpg\"\n               data-image-id=\"289\"\n               data-title=\"montage1insitu_04\"\n               data-description=\"\"\n               data-image-slug=\"montage1insitu_04\"\n               >\n                <img\n                    title=\"montage1insitu_04\"\n                    alt=\"montage1insitu_04\"\n                    src=\"https:\/\/www.isalebon.fr\/wp-isa\/wp-content\/gallery\/in-situ\/thumbs\/thumbs_montage1insitu_04.jpg\"\n                    width=\"150\"\n                    height=\"150\"\n                    style=\"max-width:100%;\"\n                \/>\n            <\/a>\n        <\/div>\n\t\t\t\t\t\t\t<\/div> \n\t\t\t\n\t\t\t\t<div id=\"ngg-image-4\" class=\"ngg-gallery-thumbnail-box \" >\n\t\t\t\t        <div class=\"ngg-gallery-thumbnail\">\n            <a href=\"https:\/\/www.isalebon.fr\/wp-isa\/wp-content\/gallery\/in-situ\/montage1insitu_05.jpg\"\n               title=\"\"\n               data-src=\"https:\/\/www.isalebon.fr\/wp-isa\/wp-content\/gallery\/in-situ\/montage1insitu_05.jpg\"\n               data-thumbnail=\"https:\/\/www.isalebon.fr\/wp-isa\/wp-content\/gallery\/in-situ\/thumbs\/thumbs_montage1insitu_05.jpg\"\n               data-image-id=\"290\"\n               data-title=\"montage1insitu_05\"\n               data-description=\"\"\n               data-image-slug=\"montage1insitu_05\"\n               >\n                <img\n                    title=\"montage1insitu_05\"\n                    alt=\"montage1insitu_05\"\n                    src=\"https:\/\/www.isalebon.fr\/wp-isa\/wp-content\/gallery\/in-situ\/thumbs\/thumbs_montage1insitu_05.jpg\"\n                    width=\"150\"\n                    height=\"150\"\n                    style=\"max-width:100%;\"\n                \/>\n            <\/a>\n        <\/div>\n\t\t\t\t\t\t\t<\/div> \n\t\t\t\n\t\t\t\t<div id=\"ngg-image-5\" class=\"ngg-gallery-thumbnail-box \" >\n\t\t\t\t        <div class=\"ngg-gallery-thumbnail\">\n            <a href=\"https:\/\/www.isalebon.fr\/wp-isa\/wp-content\/gallery\/in-situ\/montage1insitu_06.jpg\"\n               title=\"\"\n               data-src=\"https:\/\/www.isalebon.fr\/wp-isa\/wp-content\/gallery\/in-situ\/montage1insitu_06.jpg\"\n               data-thumbnail=\"https:\/\/www.isalebon.fr\/wp-isa\/wp-content\/gallery\/in-situ\/thumbs\/thumbs_montage1insitu_06.jpg\"\n               data-image-id=\"291\"\n               data-title=\"montage1insitu_06\"\n               data-description=\"\"\n               data-image-slug=\"montage1insitu_06\"\n               >\n                <img\n                    title=\"montage1insitu_06\"\n                    alt=\"montage1insitu_06\"\n                    src=\"https:\/\/www.isalebon.fr\/wp-isa\/wp-content\/gallery\/in-situ\/thumbs\/thumbs_montage1insitu_06.jpg\"\n                    width=\"150\"\n                    height=\"150\"\n                    style=\"max-width:100%;\"\n                \/>\n            <\/a>\n        <\/div>\n\t\t\t\t\t\t\t<\/div> \n\t\t\t\n\t\t\t\t<div id=\"ngg-image-6\" class=\"ngg-gallery-thumbnail-box \" >\n\t\t\t\t        <div class=\"ngg-gallery-thumbnail\">\n            <a href=\"https:\/\/www.isalebon.fr\/wp-isa\/wp-content\/gallery\/in-situ\/montage2insitu_01.jpg\"\n               title=\"\"\n               data-src=\"https:\/\/www.isalebon.fr\/wp-isa\/wp-content\/gallery\/in-situ\/montage2insitu_01.jpg\"\n               data-thumbnail=\"https:\/\/www.isalebon.fr\/wp-isa\/wp-content\/gallery\/in-situ\/thumbs\/thumbs_montage2insitu_01.jpg\"\n               data-image-id=\"292\"\n               data-title=\"montage2insitu_01\"\n               data-description=\"\"\n               data-image-slug=\"montage2insitu_01\"\n               >\n                <img\n                    title=\"montage2insitu_01\"\n                    alt=\"montage2insitu_01\"\n                    src=\"https:\/\/www.isalebon.fr\/wp-isa\/wp-content\/gallery\/in-situ\/thumbs\/thumbs_montage2insitu_01.jpg\"\n                    width=\"150\"\n                    height=\"150\"\n                    style=\"max-width:100%;\"\n                \/>\n            <\/a>\n        <\/div>\n\t\t\t\t\t\t\t<\/div> \n\t\t\t\n\t\t\t\t<div id=\"ngg-image-7\" class=\"ngg-gallery-thumbnail-box \" >\n\t\t\t\t        <div class=\"ngg-gallery-thumbnail\">\n            <a href=\"https:\/\/www.isalebon.fr\/wp-isa\/wp-content\/gallery\/in-situ\/montage2insitu_02.jpg\"\n               title=\"\"\n               data-src=\"https:\/\/www.isalebon.fr\/wp-isa\/wp-content\/gallery\/in-situ\/montage2insitu_02.jpg\"\n               data-thumbnail=\"https:\/\/www.isalebon.fr\/wp-isa\/wp-content\/gallery\/in-situ\/thumbs\/thumbs_montage2insitu_02.jpg\"\n               data-image-id=\"293\"\n               data-title=\"montage2insitu_02\"\n               data-description=\"\"\n               data-image-slug=\"montage2insitu_02\"\n               >\n                <img\n                    title=\"montage2insitu_02\"\n                    alt=\"montage2insitu_02\"\n                    src=\"https:\/\/www.isalebon.fr\/wp-isa\/wp-content\/gallery\/in-situ\/thumbs\/thumbs_montage2insitu_02.jpg\"\n                    width=\"150\"\n                    height=\"150\"\n                    style=\"max-width:100%;\"\n                \/>\n            <\/a>\n        <\/div>\n\t\t\t\t\t\t\t<\/div> \n\t\t\t\n\t\t\t\t<div id=\"ngg-image-8\" class=\"ngg-gallery-thumbnail-box \" >\n\t\t\t\t        <div class=\"ngg-gallery-thumbnail\">\n            <a href=\"https:\/\/www.isalebon.fr\/wp-isa\/wp-content\/gallery\/in-situ\/montage2insitu_03.jpg\"\n               title=\"\"\n               data-src=\"https:\/\/www.isalebon.fr\/wp-isa\/wp-content\/gallery\/in-situ\/montage2insitu_03.jpg\"\n               data-thumbnail=\"https:\/\/www.isalebon.fr\/wp-isa\/wp-content\/gallery\/in-situ\/thumbs\/thumbs_montage2insitu_03.jpg\"\n               data-image-id=\"294\"\n               data-title=\"montage2insitu_03\"\n               data-description=\"\"\n               data-image-slug=\"montage2insitu_03\"\n               >\n                <img\n                    title=\"montage2insitu_03\"\n                    alt=\"montage2insitu_03\"\n                    src=\"https:\/\/www.isalebon.fr\/wp-isa\/wp-content\/gallery\/in-situ\/thumbs\/thumbs_montage2insitu_03.jpg\"\n                    width=\"150\"\n                    height=\"150\"\n                    style=\"max-width:100%;\"\n                \/>\n            <\/a>\n        <\/div>\n\t\t\t\t\t\t\t<\/div> \n\t\t\t\n\t\t\t\t<div id=\"ngg-image-9\" class=\"ngg-gallery-thumbnail-box \" >\n\t\t\t\t        <div class=\"ngg-gallery-thumbnail\">\n            <a href=\"https:\/\/www.isalebon.fr\/wp-isa\/wp-content\/gallery\/in-situ\/montage2insitu_04.jpg\"\n               title=\"\"\n               data-src=\"https:\/\/www.isalebon.fr\/wp-isa\/wp-content\/gallery\/in-situ\/montage2insitu_04.jpg\"\n               data-thumbnail=\"https:\/\/www.isalebon.fr\/wp-isa\/wp-content\/gallery\/in-situ\/thumbs\/thumbs_montage2insitu_04.jpg\"\n               data-image-id=\"295\"\n               data-title=\"montage2insitu_04\"\n               data-description=\"\"\n               data-image-slug=\"montage2insitu_04\"\n               >\n                <img\n                    title=\"montage2insitu_04\"\n                    alt=\"montage2insitu_04\"\n                    src=\"https:\/\/www.isalebon.fr\/wp-isa\/wp-content\/gallery\/in-situ\/thumbs\/thumbs_montage2insitu_04.jpg\"\n                    width=\"150\"\n                    height=\"150\"\n                    style=\"max-width:100%;\"\n                \/>\n            <\/a>\n        <\/div>\n\t\t\t\t\t\t\t<\/div> \n\t\t\t\n\t\t\t\t<div id=\"ngg-image-10\" class=\"ngg-gallery-thumbnail-box \" >\n\t\t\t\t        <div class=\"ngg-gallery-thumbnail\">\n            <a href=\"https:\/\/www.isalebon.fr\/wp-isa\/wp-content\/gallery\/in-situ\/montage2insitu_05.jpg\"\n               title=\"\"\n               data-src=\"https:\/\/www.isalebon.fr\/wp-isa\/wp-content\/gallery\/in-situ\/montage2insitu_05.jpg\"\n               data-thumbnail=\"https:\/\/www.isalebon.fr\/wp-isa\/wp-content\/gallery\/in-situ\/thumbs\/thumbs_montage2insitu_05.jpg\"\n               data-image-id=\"296\"\n               data-title=\"montage2insitu_05\"\n               data-description=\"\"\n               data-image-slug=\"montage2insitu_05\"\n               >\n                <img\n                    title=\"montage2insitu_05\"\n                    alt=\"montage2insitu_05\"\n                    src=\"https:\/\/www.isalebon.fr\/wp-isa\/wp-content\/gallery\/in-situ\/thumbs\/thumbs_montage2insitu_05.jpg\"\n                    width=\"150\"\n                    height=\"150\"\n                    style=\"max-width:100%;\"\n                \/>\n            <\/a>\n        <\/div>\n\t\t\t\t\t\t\t<\/div> \n\t\t\t\n\t\t\t\t<div id=\"ngg-image-11\" class=\"ngg-gallery-thumbnail-box \" >\n\t\t\t\t        <div class=\"ngg-gallery-thumbnail\">\n            <a href=\"https:\/\/www.isalebon.fr\/wp-isa\/wp-content\/gallery\/in-situ\/montage2insitu_06.jpg\"\n               title=\"\"\n               data-src=\"https:\/\/www.isalebon.fr\/wp-isa\/wp-content\/gallery\/in-situ\/montage2insitu_06.jpg\"\n               data-thumbnail=\"https:\/\/www.isalebon.fr\/wp-isa\/wp-content\/gallery\/in-situ\/thumbs\/thumbs_montage2insitu_06.jpg\"\n               data-image-id=\"297\"\n               data-title=\"montage2insitu_06\"\n               data-description=\"\"\n               data-image-slug=\"montage2insitu_06\"\n               >\n                <img\n                    title=\"montage2insitu_06\"\n                    alt=\"montage2insitu_06\"\n                    src=\"https:\/\/www.isalebon.fr\/wp-isa\/wp-content\/gallery\/in-situ\/thumbs\/thumbs_montage2insitu_06.jpg\"\n                    width=\"150\"\n                    height=\"150\"\n                    style=\"max-width:100%;\"\n                \/>\n            <\/a>\n        <\/div>\n\t\t\t\t\t\t\t<\/div> \n\t\t\t\n\t\n\t<br style=\"clear: both\" \/>\n\n\t\n\t\t<div class=\"ngg-clear\"><\/div>\n\t<\/div>\n<\/div>\n<div id=\"textext\"><span class=\"entetexte\">La r\u00e9alit\u00e9 du paysage est \u00e9troitement li\u00e9e \u00e0 la lumi\u00e8re qui lui donne corps.<\/span><\/p>\n<p>Les impressionnistes au XIX\u00e8me observent le r\u00e9el, analysent l\u2019impression lumineuse de leur propre regard. Les peintres ne peignent plus la chose mais l\u2019effet qu\u2019elle produit sur l\u2019\u0153il.<br \/>\nC\u00e9zanne parle de l\u2019impressionnisme comme une peinture de l\u2019\u0153il en d\u00e9clarant : \u00ab Monet est un \u0153il \u2026mais quel \u0153il\u2026 \u00bb.<\/p>\n<p>\u00ab In situ \u00bb est un travail photographique r\u00e9alis\u00e9 \u00e0 la mani\u00e8re d\u2019une peinture de l\u2019\u0153il qui retranscrit la vie, un regard en s\u00e9rie sur les c\u00f4tes normandes.<br \/>\nLes images sont mises en relation les unes avec les autres et d\u00e9clinent leurs palettes de couleurs.<br \/>\nL\u2019inspiration est instinctive, fixer la lumi\u00e8re dans l\u2019instant et dans l\u2019espace.<br \/>\nUn instant d\u2019hiver ou de printemps\u2026de pluie\u2026de hautes mar\u00e9es\u2026entre chien et loup\u2026saisir cette nature qui un jour se r\u00e9v\u00e8le bleu puis le lendemain grise.<br \/>\nQuand le vent accroche les falaises et que les hommes se courbent.<\/p>\n<p>Les impressionnistes n\u2019organisent plus leur toile par la perspective mais par la lumi\u00e8re et la mise \u00e0 plat de la peinture car l\u2019id\u00e9e de profondeur existe gr\u00e2ce \u00e0 l\u2019agencement des t\u00e2ches de couleurs.<br \/>\nLes peintres sont sensibles \u00e0 la science : les th\u00e9ories de Chevreul en 1839 sur la couleur et sa compl\u00e9mentaire, les trait\u00e9s sur l\u2019optique mais ils sont \u00e9galement attentifs aux applications de la photographie.<br \/>\nL\u2019image\u00a0 \u00ab impressionne \u00bb directement la plaque\u00a0 photographique, de l\u2019objet au plan sans reconstruction. Les impressionnistes font aussi l\u2019impasse de cette reconstruction et utilisent instantan\u00e9ment le jeu de lumi\u00e8re sur le plan de la toile.<\/p>\n<p>Dans les s\u00e9ries de l\u2019exposition \u00ab In situ \u00bb, les images parfois se diluent pour mettre en avant la place de la lumi\u00e8re et souligner la mati\u00e8re, la forme pour ne garder que l\u2019impression que fait sur l\u2019\u0153il les lumi\u00e8res diffus\u00e9es par le paysage.<\/p>\n<p>Si la nature n\u2019a aucune imagination comme le dit Baudelaire, il ne reste plus qu\u2019\u00e0 s\u2019impr\u00e9gner de cette nature, de ses formes pour la d\u00e9cliner autrement : pour les impressionnistes en peignant des \u00ab arbres en bleus \u00bb, pour la photographie\u00a0 dans l\u2019imm\u00e9diatet\u00e9.<br \/>\n<span class=\"signa\">Isabelle Lebon \/ Photographe<\/span><\/div>\n","protected":false},"excerpt":{"rendered":"<p>La r\u00e9alit\u00e9 du paysage est \u00e9troitement li\u00e9e \u00e0 la lumi\u00e8re qui lui donne corps. Les impressionnistes au XIX\u00e8me observent le r\u00e9el, analysent l\u2019impression lumineuse de leur propre regard. Les peintres ne peignent plus la chose mais l\u2019effet qu\u2019elle produit sur l\u2019\u0153il. C\u00e9zanne parle de l\u2019impressionnisme comme une peinture de l\u2019\u0153il en d\u00e9clarant : \u00ab Monet [&hellip;]<\/p>\n","protected":false},"author":2,"featured_media":0,"parent":0,"menu_order":0,"comment_status":"closed","ping_status":"closed","template":"templates\/full-width-page.php","meta":{"ngg_post_thumbnail":0},"_links":{"self":[{"href":"https:\/\/www.isalebon.fr\/index.php?rest_route=\/wp\/v2\/pages\/333"}],"collection":[{"href":"https:\/\/www.isalebon.fr\/index.php?rest_route=\/wp\/v2\/pages"}],"about":[{"href":"https:\/\/www.isalebon.fr\/index.php?rest_route=\/wp\/v2\/types\/page"}],"author":[{"embeddable":true,"href":"https:\/\/www.isalebon.fr\/index.php?rest_route=\/wp\/v2\/users\/2"}],"replies":[{"embeddable":true,"href":"https:\/\/www.isalebon.fr\/index.php?rest_route=%2Fwp%2Fv2%2Fcomments&post=333"}],"version-history":[{"count":9,"href":"https:\/\/www.isalebon.fr\/index.php?rest_route=\/wp\/v2\/pages\/333\/revisions"}],"predecessor-version":[{"id":1128,"href":"https:\/\/www.isalebon.fr\/index.php?rest_route=\/wp\/v2\/pages\/333\/revisions\/1128"}],"wp:attachment":[{"href":"https:\/\/www.isalebon.fr\/index.php?rest_route=%2Fwp%2Fv2%2Fmedia&parent=333"}],"curies":[{"name":"wp","href":"https:\/\/api.w.org\/{rel}","templated":true}]}}