{"id":497,"date":"2012-09-03T22:49:46","date_gmt":"2012-09-03T21:49:46","guid":{"rendered":"https:\/\/www.isalebon.fr\/?page_id=497"},"modified":"2017-01-03T16:01:07","modified_gmt":"2017-01-03T15:01:07","slug":"danse-exposition","status":"publish","type":"page","link":"https:\/\/www.isalebon.fr\/?page_id=497","title":{"rendered":"Un pas \u00e0 l&rsquo;autre (exposition)"},"content":{"rendered":"<div id=\"textphotos\"><!-- default-view.php -->\n<div\n\tclass=\"ngg-galleryoverview default-view  ngg-ajax-pagination-none\"\n\tid=\"ngg-gallery-39478ec93a3b5ad850efb4441a3e6b53-1\">\n\n\t\t<!-- Thumbnails -->\n\t\t\t\t<div id=\"ngg-image-0\" class=\"ngg-gallery-thumbnail-box \" >\n\t\t\t\t        <div class=\"ngg-gallery-thumbnail\">\n            <a href=\"https:\/\/www.isalebon.fr\/wp-isa\/wp-content\/gallery\/expomarket\/expomarket01.jpg\"\n               title=\"\"\n               data-src=\"https:\/\/www.isalebon.fr\/wp-isa\/wp-content\/gallery\/expomarket\/expomarket01.jpg\"\n               data-thumbnail=\"https:\/\/www.isalebon.fr\/wp-isa\/wp-content\/gallery\/expomarket\/thumbs\/thumbs_expomarket01.jpg\"\n               data-image-id=\"319\"\n               data-title=\"expomarket01\"\n               data-description=\"\"\n               data-image-slug=\"expomarket01\"\n               >\n                <img\n                    title=\"expomarket01\"\n                    alt=\"expomarket01\"\n                    src=\"https:\/\/www.isalebon.fr\/wp-isa\/wp-content\/gallery\/expomarket\/thumbs\/thumbs_expomarket01.jpg\"\n                    width=\"150\"\n                    height=\"150\"\n                    style=\"max-width:100%;\"\n                \/>\n            <\/a>\n        <\/div>\n\t\t\t\t\t\t\t<\/div> \n\t\t\t\n\t\t\t\t<div id=\"ngg-image-1\" class=\"ngg-gallery-thumbnail-box \" >\n\t\t\t\t        <div class=\"ngg-gallery-thumbnail\">\n            <a href=\"https:\/\/www.isalebon.fr\/wp-isa\/wp-content\/gallery\/expomarket\/expomarket02.jpg\"\n               title=\"\"\n               data-src=\"https:\/\/www.isalebon.fr\/wp-isa\/wp-content\/gallery\/expomarket\/expomarket02.jpg\"\n               data-thumbnail=\"https:\/\/www.isalebon.fr\/wp-isa\/wp-content\/gallery\/expomarket\/thumbs\/thumbs_expomarket02.jpg\"\n               data-image-id=\"320\"\n               data-title=\"expomarket02\"\n               data-description=\"\"\n               data-image-slug=\"expomarket02\"\n               >\n                <img\n                    title=\"expomarket02\"\n                    alt=\"expomarket02\"\n                    src=\"https:\/\/www.isalebon.fr\/wp-isa\/wp-content\/gallery\/expomarket\/thumbs\/thumbs_expomarket02.jpg\"\n                    width=\"150\"\n                    height=\"150\"\n                    style=\"max-width:100%;\"\n                \/>\n            <\/a>\n        <\/div>\n\t\t\t\t\t\t\t<\/div> \n\t\t\t\n\t\t\t\t<div id=\"ngg-image-2\" class=\"ngg-gallery-thumbnail-box \" >\n\t\t\t\t        <div class=\"ngg-gallery-thumbnail\">\n            <a href=\"https:\/\/www.isalebon.fr\/wp-isa\/wp-content\/gallery\/expomarket\/expomarket03.jpg\"\n               title=\"\"\n               data-src=\"https:\/\/www.isalebon.fr\/wp-isa\/wp-content\/gallery\/expomarket\/expomarket03.jpg\"\n               data-thumbnail=\"https:\/\/www.isalebon.fr\/wp-isa\/wp-content\/gallery\/expomarket\/thumbs\/thumbs_expomarket03.jpg\"\n               data-image-id=\"321\"\n               data-title=\"expomarket03\"\n               data-description=\"\"\n               data-image-slug=\"expomarket03\"\n               >\n                <img\n                    title=\"expomarket03\"\n                    alt=\"expomarket03\"\n                    src=\"https:\/\/www.isalebon.fr\/wp-isa\/wp-content\/gallery\/expomarket\/thumbs\/thumbs_expomarket03.jpg\"\n                    width=\"150\"\n                    height=\"150\"\n                    style=\"max-width:100%;\"\n                \/>\n            <\/a>\n        <\/div>\n\t\t\t\t\t\t\t<\/div> \n\t\t\t\n\t\t\t\t<div id=\"ngg-image-3\" class=\"ngg-gallery-thumbnail-box \" >\n\t\t\t\t        <div class=\"ngg-gallery-thumbnail\">\n            <a href=\"https:\/\/www.isalebon.fr\/wp-isa\/wp-content\/gallery\/expomarket\/expomarket04.jpg\"\n               title=\"\"\n               data-src=\"https:\/\/www.isalebon.fr\/wp-isa\/wp-content\/gallery\/expomarket\/expomarket04.jpg\"\n               data-thumbnail=\"https:\/\/www.isalebon.fr\/wp-isa\/wp-content\/gallery\/expomarket\/thumbs\/thumbs_expomarket04.jpg\"\n               data-image-id=\"322\"\n               data-title=\"expomarket04\"\n               data-description=\"\"\n               data-image-slug=\"expomarket04\"\n               >\n                <img\n                    title=\"expomarket04\"\n                    alt=\"expomarket04\"\n                    src=\"https:\/\/www.isalebon.fr\/wp-isa\/wp-content\/gallery\/expomarket\/thumbs\/thumbs_expomarket04.jpg\"\n                    width=\"150\"\n                    height=\"150\"\n                    style=\"max-width:100%;\"\n                \/>\n            <\/a>\n        <\/div>\n\t\t\t\t\t\t\t<\/div> \n\t\t\t\n\t\t\t\t<div id=\"ngg-image-4\" class=\"ngg-gallery-thumbnail-box \" >\n\t\t\t\t        <div class=\"ngg-gallery-thumbnail\">\n            <a href=\"https:\/\/www.isalebon.fr\/wp-isa\/wp-content\/gallery\/expomarket\/expomarket05.jpg\"\n               title=\"\"\n               data-src=\"https:\/\/www.isalebon.fr\/wp-isa\/wp-content\/gallery\/expomarket\/expomarket05.jpg\"\n               data-thumbnail=\"https:\/\/www.isalebon.fr\/wp-isa\/wp-content\/gallery\/expomarket\/thumbs\/thumbs_expomarket05.jpg\"\n               data-image-id=\"323\"\n               data-title=\"expomarket05\"\n               data-description=\"\"\n               data-image-slug=\"expomarket05\"\n               >\n                <img\n                    title=\"expomarket05\"\n                    alt=\"expomarket05\"\n                    src=\"https:\/\/www.isalebon.fr\/wp-isa\/wp-content\/gallery\/expomarket\/thumbs\/thumbs_expomarket05.jpg\"\n                    width=\"150\"\n                    height=\"150\"\n                    style=\"max-width:100%;\"\n                \/>\n            <\/a>\n        <\/div>\n\t\t\t\t\t\t\t<\/div> \n\t\t\t\n\t\t\t\t<div id=\"ngg-image-5\" class=\"ngg-gallery-thumbnail-box \" >\n\t\t\t\t        <div class=\"ngg-gallery-thumbnail\">\n            <a href=\"https:\/\/www.isalebon.fr\/wp-isa\/wp-content\/gallery\/expomarket\/expomarket06.jpg\"\n               title=\"\"\n               data-src=\"https:\/\/www.isalebon.fr\/wp-isa\/wp-content\/gallery\/expomarket\/expomarket06.jpg\"\n               data-thumbnail=\"https:\/\/www.isalebon.fr\/wp-isa\/wp-content\/gallery\/expomarket\/thumbs\/thumbs_expomarket06.jpg\"\n               data-image-id=\"324\"\n               data-title=\"expomarket06\"\n               data-description=\"\"\n               data-image-slug=\"expomarket06\"\n               >\n                <img\n                    title=\"expomarket06\"\n                    alt=\"expomarket06\"\n                    src=\"https:\/\/www.isalebon.fr\/wp-isa\/wp-content\/gallery\/expomarket\/thumbs\/thumbs_expomarket06.jpg\"\n                    width=\"150\"\n                    height=\"150\"\n                    style=\"max-width:100%;\"\n                \/>\n            <\/a>\n        <\/div>\n\t\t\t\t\t\t\t<\/div> \n\t\t\t\n\t\t\t\t<div id=\"ngg-image-6\" class=\"ngg-gallery-thumbnail-box \" >\n\t\t\t\t        <div class=\"ngg-gallery-thumbnail\">\n            <a href=\"https:\/\/www.isalebon.fr\/wp-isa\/wp-content\/gallery\/expomarket\/expomarket07.jpg\"\n               title=\"\"\n               data-src=\"https:\/\/www.isalebon.fr\/wp-isa\/wp-content\/gallery\/expomarket\/expomarket07.jpg\"\n               data-thumbnail=\"https:\/\/www.isalebon.fr\/wp-isa\/wp-content\/gallery\/expomarket\/thumbs\/thumbs_expomarket07.jpg\"\n               data-image-id=\"325\"\n               data-title=\"expomarket07\"\n               data-description=\"\"\n               data-image-slug=\"expomarket07\"\n               >\n                <img\n                    title=\"expomarket07\"\n                    alt=\"expomarket07\"\n                    src=\"https:\/\/www.isalebon.fr\/wp-isa\/wp-content\/gallery\/expomarket\/thumbs\/thumbs_expomarket07.jpg\"\n                    width=\"150\"\n                    height=\"150\"\n                    style=\"max-width:100%;\"\n                \/>\n            <\/a>\n        <\/div>\n\t\t\t\t\t\t\t<\/div> \n\t\t\t\n\t\t\t\t<div id=\"ngg-image-7\" class=\"ngg-gallery-thumbnail-box \" >\n\t\t\t\t        <div class=\"ngg-gallery-thumbnail\">\n            <a href=\"https:\/\/www.isalebon.fr\/wp-isa\/wp-content\/gallery\/expomarket\/expomarket08.jpg\"\n               title=\"\"\n               data-src=\"https:\/\/www.isalebon.fr\/wp-isa\/wp-content\/gallery\/expomarket\/expomarket08.jpg\"\n               data-thumbnail=\"https:\/\/www.isalebon.fr\/wp-isa\/wp-content\/gallery\/expomarket\/thumbs\/thumbs_expomarket08.jpg\"\n               data-image-id=\"326\"\n               data-title=\"expomarket08\"\n               data-description=\"\"\n               data-image-slug=\"expomarket08\"\n               >\n                <img\n                    title=\"expomarket08\"\n                    alt=\"expomarket08\"\n                    src=\"https:\/\/www.isalebon.fr\/wp-isa\/wp-content\/gallery\/expomarket\/thumbs\/thumbs_expomarket08.jpg\"\n                    width=\"150\"\n                    height=\"150\"\n                    style=\"max-width:100%;\"\n                \/>\n            <\/a>\n        <\/div>\n\t\t\t\t\t\t\t<\/div> \n\t\t\t\n\t\t\t\t<div id=\"ngg-image-8\" class=\"ngg-gallery-thumbnail-box \" >\n\t\t\t\t        <div class=\"ngg-gallery-thumbnail\">\n            <a href=\"https:\/\/www.isalebon.fr\/wp-isa\/wp-content\/gallery\/expomarket\/expomarket09.jpg\"\n               title=\"\"\n               data-src=\"https:\/\/www.isalebon.fr\/wp-isa\/wp-content\/gallery\/expomarket\/expomarket09.jpg\"\n               data-thumbnail=\"https:\/\/www.isalebon.fr\/wp-isa\/wp-content\/gallery\/expomarket\/thumbs\/thumbs_expomarket09.jpg\"\n               data-image-id=\"327\"\n               data-title=\"expomarket09\"\n               data-description=\"\"\n               data-image-slug=\"expomarket09\"\n               >\n                <img\n                    title=\"expomarket09\"\n                    alt=\"expomarket09\"\n                    src=\"https:\/\/www.isalebon.fr\/wp-isa\/wp-content\/gallery\/expomarket\/thumbs\/thumbs_expomarket09.jpg\"\n                    width=\"150\"\n                    height=\"150\"\n                    style=\"max-width:100%;\"\n                \/>\n            <\/a>\n        <\/div>\n\t\t\t\t\t\t\t<\/div> \n\t\t\t\n\t\t\t\t<div id=\"ngg-image-9\" class=\"ngg-gallery-thumbnail-box \" >\n\t\t\t\t        <div class=\"ngg-gallery-thumbnail\">\n            <a href=\"https:\/\/www.isalebon.fr\/wp-isa\/wp-content\/gallery\/expomarket\/expomarket10.jpg\"\n               title=\"\"\n               data-src=\"https:\/\/www.isalebon.fr\/wp-isa\/wp-content\/gallery\/expomarket\/expomarket10.jpg\"\n               data-thumbnail=\"https:\/\/www.isalebon.fr\/wp-isa\/wp-content\/gallery\/expomarket\/thumbs\/thumbs_expomarket10.jpg\"\n               data-image-id=\"328\"\n               data-title=\"expomarket10\"\n               data-description=\"\"\n               data-image-slug=\"expomarket10\"\n               >\n                <img\n                    title=\"expomarket10\"\n                    alt=\"expomarket10\"\n                    src=\"https:\/\/www.isalebon.fr\/wp-isa\/wp-content\/gallery\/expomarket\/thumbs\/thumbs_expomarket10.jpg\"\n                    width=\"150\"\n                    height=\"150\"\n                    style=\"max-width:100%;\"\n                \/>\n            <\/a>\n        <\/div>\n\t\t\t\t\t\t\t<\/div> \n\t\t\t\n\t\n\t<br style=\"clear: both\" \/>\n\n\t\n\t\t<div class=\"ngg-clear\"><\/div>\n\t<\/div>\n<\/div>\n<div id=\"textext\">\n<p><span class=\"entetexte\">D\u2019un pas \u00e0 l\u2019autre est une invitation \u00e0 la danse, \u00e0 l\u2019\u00e9coute d\u2019une musique\u2026<\/span><\/p>\n<p>Quand Christine et Marie entra\u00eenent nos a\u00een\u00e9s dans une r\u00e9cr\u00e9ation musicale, les mains se fr\u00f4lent, les regards se croisent.<\/p>\n<p>Le temps semble plus doux quand la voix dans le haut parleur chante l\u2019amour \u2026<br \/>\nEt que tous reprennent en c\u0153ur \u00ab Mon amant de St Jean \u00bb.<br \/>\nLa musique \u00e9tourdit femmes et hommes.<br \/>\nElle invite chacun tel qu\u2019il est dans la danse pour l\u2019inciter \u00e0 se grandir (sans le savoir) dans l\u2019image panoramique.<br \/>\nLa piste de danse photographique r\u00e9v\u00e8le les \u00e9tats d\u2019\u00e2mes.<br \/>\nEt la l\u00e9g\u00e8ret\u00e9 des corps ressemble \u00e0 une musique, m\u00e9taphore de la vie.<\/p>\n<p>Ce que la photographie rend visible, c\u2019est l\u2019empreinte du r\u00e9el, d\u2019une fraction de r\u00e9alit\u00e9, cette capacit\u00e9 \u00e0 d\u00e9couvrir l\u2019autre et \u00e0 s\u2019\u00e9tonner de l\u2019autre.<br \/>\n<span class=\"signa\">Isabelle Lebon \/ Photographe<\/span><\/p>\n<\/div>\n","protected":false},"excerpt":{"rendered":"<p>D\u2019un pas \u00e0 l\u2019autre est une invitation \u00e0 la danse, \u00e0 l\u2019\u00e9coute d\u2019une musique\u2026 Quand Christine et Marie entra\u00eenent nos a\u00een\u00e9s dans une r\u00e9cr\u00e9ation musicale, les mains se fr\u00f4lent, les regards se croisent. Le temps semble plus doux quand la voix dans le haut parleur chante l\u2019amour \u2026 Et que tous reprennent en c\u0153ur \u00ab [&hellip;]<\/p>\n","protected":false},"author":2,"featured_media":0,"parent":0,"menu_order":0,"comment_status":"closed","ping_status":"closed","template":"templates\/full-width-page.php","meta":{"ngg_post_thumbnail":0},"_links":{"self":[{"href":"https:\/\/www.isalebon.fr\/index.php?rest_route=\/wp\/v2\/pages\/497"}],"collection":[{"href":"https:\/\/www.isalebon.fr\/index.php?rest_route=\/wp\/v2\/pages"}],"about":[{"href":"https:\/\/www.isalebon.fr\/index.php?rest_route=\/wp\/v2\/types\/page"}],"author":[{"embeddable":true,"href":"https:\/\/www.isalebon.fr\/index.php?rest_route=\/wp\/v2\/users\/2"}],"replies":[{"embeddable":true,"href":"https:\/\/www.isalebon.fr\/index.php?rest_route=%2Fwp%2Fv2%2Fcomments&post=497"}],"version-history":[{"count":9,"href":"https:\/\/www.isalebon.fr\/index.php?rest_route=\/wp\/v2\/pages\/497\/revisions"}],"predecessor-version":[{"id":1157,"href":"https:\/\/www.isalebon.fr\/index.php?rest_route=\/wp\/v2\/pages\/497\/revisions\/1157"}],"wp:attachment":[{"href":"https:\/\/www.isalebon.fr\/index.php?rest_route=%2Fwp%2Fv2%2Fmedia&parent=497"}],"curies":[{"name":"wp","href":"https:\/\/api.w.org\/{rel}","templated":true}]}}