{"id":59,"date":"2012-06-18T22:27:41","date_gmt":"2012-06-18T21:27:41","guid":{"rendered":"https:\/\/www.isalebon.fr\/wp-isa\/?page_id=59"},"modified":"2016-11-30T02:24:55","modified_gmt":"2016-11-30T01:24:55","slug":"ici-nanjing","status":"publish","type":"page","link":"https:\/\/www.isalebon.fr\/?page_id=59","title":{"rendered":"Nanjing"},"content":{"rendered":"<div id=\"textphotos\">\n<div class=\"ngg-galleryoverview ngg-template-caption\" id=\"ngg-gallery-dcc7e83f589230faaa57c5448bf8dcd2-59\">\n\n\n\t<!-- Thumbnails -->\n    \t\t\n\t<div id=\"ngg-image-32\" class=\"ngg-gallery-thumbnail-box\"  >\n\t\t<div class=\"ngg-gallery-thumbnail\" >\n\t\t\t<a href=\"https:\/\/www.isalebon.fr\/wp-isa\/wp-content\/gallery\/nanjing\/nanjing01.jpg\"\n               title=\" \"\n                data-image-id=\"32\" data-src=\"https:\/\/www.isalebon.fr\/wp-isa\/wp-content\/gallery\/nanjing\/nanjing01.jpg\" data-thumbnail=\"https:\/\/www.isalebon.fr\/wp-isa\/wp-content\/gallery\/nanjing\/thumbs\/thumbs_nanjing01.jpg\" data-title=\"nanjing01\" data-description=\" \" >\n\t\t\t\t\t\t\t\t<img title=\"nanjing01\" alt=\"nanjing01\" src=\"https:\/\/www.isalebon.fr\/wp-isa\/wp-content\/gallery\/nanjing\/thumbs\/thumbs_nanjing01.jpg\" width='150' height='150' \/>\n\t\t\t\t\t\t\t<\/a>\n\t\t\t<span> <\/span>\n\t\t<\/div>\n\t<\/div>\n\t\t \t\t\n\t<div id=\"ngg-image-33\" class=\"ngg-gallery-thumbnail-box\"  >\n\t\t<div class=\"ngg-gallery-thumbnail\" >\n\t\t\t<a href=\"https:\/\/www.isalebon.fr\/wp-isa\/wp-content\/gallery\/nanjing\/nanjing02.jpg\"\n               title=\" \"\n                data-image-id=\"33\" data-src=\"https:\/\/www.isalebon.fr\/wp-isa\/wp-content\/gallery\/nanjing\/nanjing02.jpg\" data-thumbnail=\"https:\/\/www.isalebon.fr\/wp-isa\/wp-content\/gallery\/nanjing\/thumbs\/thumbs_nanjing02.jpg\" data-title=\"nanjing02\" data-description=\" \" >\n\t\t\t\t\t\t\t\t<img title=\"nanjing02\" alt=\"nanjing02\" src=\"https:\/\/www.isalebon.fr\/wp-isa\/wp-content\/gallery\/nanjing\/thumbs\/thumbs_nanjing02.jpg\" width='150' height='150' \/>\n\t\t\t\t\t\t\t<\/a>\n\t\t\t<span> <\/span>\n\t\t<\/div>\n\t<\/div>\n\t\t \t\t\n\t<div id=\"ngg-image-34\" class=\"ngg-gallery-thumbnail-box\"  >\n\t\t<div class=\"ngg-gallery-thumbnail\" >\n\t\t\t<a href=\"https:\/\/www.isalebon.fr\/wp-isa\/wp-content\/gallery\/nanjing\/nanjing03.jpg\"\n               title=\" \"\n                data-image-id=\"34\" data-src=\"https:\/\/www.isalebon.fr\/wp-isa\/wp-content\/gallery\/nanjing\/nanjing03.jpg\" data-thumbnail=\"https:\/\/www.isalebon.fr\/wp-isa\/wp-content\/gallery\/nanjing\/thumbs\/thumbs_nanjing03.jpg\" data-title=\"nanjing03\" data-description=\" \" >\n\t\t\t\t\t\t\t\t<img title=\"nanjing03\" alt=\"nanjing03\" src=\"https:\/\/www.isalebon.fr\/wp-isa\/wp-content\/gallery\/nanjing\/thumbs\/thumbs_nanjing03.jpg\" width='150' height='150' \/>\n\t\t\t\t\t\t\t<\/a>\n\t\t\t<span> <\/span>\n\t\t<\/div>\n\t<\/div>\n\t\t \t\t\n\t<div id=\"ngg-image-35\" class=\"ngg-gallery-thumbnail-box\"  >\n\t\t<div class=\"ngg-gallery-thumbnail\" >\n\t\t\t<a href=\"https:\/\/www.isalebon.fr\/wp-isa\/wp-content\/gallery\/nanjing\/nanjing04.jpg\"\n               title=\" \"\n                data-image-id=\"35\" data-src=\"https:\/\/www.isalebon.fr\/wp-isa\/wp-content\/gallery\/nanjing\/nanjing04.jpg\" data-thumbnail=\"https:\/\/www.isalebon.fr\/wp-isa\/wp-content\/gallery\/nanjing\/thumbs\/thumbs_nanjing04.jpg\" data-title=\"nanjing04\" data-description=\" \" >\n\t\t\t\t\t\t\t\t<img title=\"nanjing04\" alt=\"nanjing04\" src=\"https:\/\/www.isalebon.fr\/wp-isa\/wp-content\/gallery\/nanjing\/thumbs\/thumbs_nanjing04.jpg\" width='150' height='150' \/>\n\t\t\t\t\t\t\t<\/a>\n\t\t\t<span> <\/span>\n\t\t<\/div>\n\t<\/div>\n\t\t \t\t\n\t<div id=\"ngg-image-36\" class=\"ngg-gallery-thumbnail-box\"  >\n\t\t<div class=\"ngg-gallery-thumbnail\" >\n\t\t\t<a href=\"https:\/\/www.isalebon.fr\/wp-isa\/wp-content\/gallery\/nanjing\/nanjing05.jpg\"\n               title=\" \"\n                data-image-id=\"36\" data-src=\"https:\/\/www.isalebon.fr\/wp-isa\/wp-content\/gallery\/nanjing\/nanjing05.jpg\" data-thumbnail=\"https:\/\/www.isalebon.fr\/wp-isa\/wp-content\/gallery\/nanjing\/thumbs\/thumbs_nanjing05.jpg\" data-title=\"nanjing05\" data-description=\" \" >\n\t\t\t\t\t\t\t\t<img title=\"nanjing05\" alt=\"nanjing05\" src=\"https:\/\/www.isalebon.fr\/wp-isa\/wp-content\/gallery\/nanjing\/thumbs\/thumbs_nanjing05.jpg\" width='150' height='150' \/>\n\t\t\t\t\t\t\t<\/a>\n\t\t\t<span> <\/span>\n\t\t<\/div>\n\t<\/div>\n\t\t \t\t\n\t<div id=\"ngg-image-37\" class=\"ngg-gallery-thumbnail-box\"  >\n\t\t<div class=\"ngg-gallery-thumbnail\" >\n\t\t\t<a href=\"https:\/\/www.isalebon.fr\/wp-isa\/wp-content\/gallery\/nanjing\/nanjing06.jpg\"\n               title=\" \"\n                data-image-id=\"37\" data-src=\"https:\/\/www.isalebon.fr\/wp-isa\/wp-content\/gallery\/nanjing\/nanjing06.jpg\" data-thumbnail=\"https:\/\/www.isalebon.fr\/wp-isa\/wp-content\/gallery\/nanjing\/thumbs\/thumbs_nanjing06.jpg\" data-title=\"nanjing06\" data-description=\" \" >\n\t\t\t\t\t\t\t\t<img title=\"nanjing06\" alt=\"nanjing06\" src=\"https:\/\/www.isalebon.fr\/wp-isa\/wp-content\/gallery\/nanjing\/thumbs\/thumbs_nanjing06.jpg\" width='150' height='150' \/>\n\t\t\t\t\t\t\t<\/a>\n\t\t\t<span> <\/span>\n\t\t<\/div>\n\t<\/div>\n\t\t \t\t\n\t<div id=\"ngg-image-38\" class=\"ngg-gallery-thumbnail-box\"  >\n\t\t<div class=\"ngg-gallery-thumbnail\" >\n\t\t\t<a href=\"https:\/\/www.isalebon.fr\/wp-isa\/wp-content\/gallery\/nanjing\/nanjing07.jpg\"\n               title=\" \"\n                data-image-id=\"38\" data-src=\"https:\/\/www.isalebon.fr\/wp-isa\/wp-content\/gallery\/nanjing\/nanjing07.jpg\" data-thumbnail=\"https:\/\/www.isalebon.fr\/wp-isa\/wp-content\/gallery\/nanjing\/thumbs\/thumbs_nanjing07.jpg\" data-title=\"nanjing07\" data-description=\" \" >\n\t\t\t\t\t\t\t\t<img title=\"nanjing07\" alt=\"nanjing07\" src=\"https:\/\/www.isalebon.fr\/wp-isa\/wp-content\/gallery\/nanjing\/thumbs\/thumbs_nanjing07.jpg\" width='150' height='150' \/>\n\t\t\t\t\t\t\t<\/a>\n\t\t\t<span> <\/span>\n\t\t<\/div>\n\t<\/div>\n\t\t \t\t\n\t<div id=\"ngg-image-39\" class=\"ngg-gallery-thumbnail-box\"  >\n\t\t<div class=\"ngg-gallery-thumbnail\" >\n\t\t\t<a href=\"https:\/\/www.isalebon.fr\/wp-isa\/wp-content\/gallery\/nanjing\/nanjing08.jpg\"\n               title=\" \"\n                data-image-id=\"39\" data-src=\"https:\/\/www.isalebon.fr\/wp-isa\/wp-content\/gallery\/nanjing\/nanjing08.jpg\" data-thumbnail=\"https:\/\/www.isalebon.fr\/wp-isa\/wp-content\/gallery\/nanjing\/thumbs\/thumbs_nanjing08.jpg\" data-title=\"nanjing08\" data-description=\" \" >\n\t\t\t\t\t\t\t\t<img title=\"nanjing08\" alt=\"nanjing08\" src=\"https:\/\/www.isalebon.fr\/wp-isa\/wp-content\/gallery\/nanjing\/thumbs\/thumbs_nanjing08.jpg\" width='150' height='150' \/>\n\t\t\t\t\t\t\t<\/a>\n\t\t\t<span> <\/span>\n\t\t<\/div>\n\t<\/div>\n\t\t \t\t\n\t<div id=\"ngg-image-40\" class=\"ngg-gallery-thumbnail-box\"  >\n\t\t<div class=\"ngg-gallery-thumbnail\" >\n\t\t\t<a href=\"https:\/\/www.isalebon.fr\/wp-isa\/wp-content\/gallery\/nanjing\/nanjing09.jpg\"\n               title=\" \"\n                data-image-id=\"40\" data-src=\"https:\/\/www.isalebon.fr\/wp-isa\/wp-content\/gallery\/nanjing\/nanjing09.jpg\" data-thumbnail=\"https:\/\/www.isalebon.fr\/wp-isa\/wp-content\/gallery\/nanjing\/thumbs\/thumbs_nanjing09.jpg\" data-title=\"nanjing09\" data-description=\" \" >\n\t\t\t\t\t\t\t\t<img title=\"nanjing09\" alt=\"nanjing09\" src=\"https:\/\/www.isalebon.fr\/wp-isa\/wp-content\/gallery\/nanjing\/thumbs\/thumbs_nanjing09.jpg\" width='150' height='150' \/>\n\t\t\t\t\t\t\t<\/a>\n\t\t\t<span> <\/span>\n\t\t<\/div>\n\t<\/div>\n\t\t \t\t\n\t<div id=\"ngg-image-41\" class=\"ngg-gallery-thumbnail-box\"  >\n\t\t<div class=\"ngg-gallery-thumbnail\" >\n\t\t\t<a href=\"https:\/\/www.isalebon.fr\/wp-isa\/wp-content\/gallery\/nanjing\/nanjing10.jpg\"\n               title=\" \"\n                data-image-id=\"41\" data-src=\"https:\/\/www.isalebon.fr\/wp-isa\/wp-content\/gallery\/nanjing\/nanjing10.jpg\" data-thumbnail=\"https:\/\/www.isalebon.fr\/wp-isa\/wp-content\/gallery\/nanjing\/thumbs\/thumbs_nanjing10.jpg\" data-title=\"nanjing10\" data-description=\" \" >\n\t\t\t\t\t\t\t\t<img title=\"nanjing10\" alt=\"nanjing10\" src=\"https:\/\/www.isalebon.fr\/wp-isa\/wp-content\/gallery\/nanjing\/thumbs\/thumbs_nanjing10.jpg\" width='150' height='150' \/>\n\t\t\t\t\t\t\t<\/a>\n\t\t\t<span> <\/span>\n\t\t<\/div>\n\t<\/div>\n\t\t \t\t\n\t<div id=\"ngg-image-42\" class=\"ngg-gallery-thumbnail-box\"  >\n\t\t<div class=\"ngg-gallery-thumbnail\" >\n\t\t\t<a href=\"https:\/\/www.isalebon.fr\/wp-isa\/wp-content\/gallery\/nanjing\/nanjing11.jpg\"\n               title=\" \"\n                data-image-id=\"42\" data-src=\"https:\/\/www.isalebon.fr\/wp-isa\/wp-content\/gallery\/nanjing\/nanjing11.jpg\" data-thumbnail=\"https:\/\/www.isalebon.fr\/wp-isa\/wp-content\/gallery\/nanjing\/thumbs\/thumbs_nanjing11.jpg\" data-title=\"nanjing11\" data-description=\" \" >\n\t\t\t\t\t\t\t\t<img title=\"nanjing11\" alt=\"nanjing11\" src=\"https:\/\/www.isalebon.fr\/wp-isa\/wp-content\/gallery\/nanjing\/thumbs\/thumbs_nanjing11.jpg\" width='150' height='150' \/>\n\t\t\t\t\t\t\t<\/a>\n\t\t\t<span> <\/span>\n\t\t<\/div>\n\t<\/div>\n\t\t \t\t\n\t<div id=\"ngg-image-43\" class=\"ngg-gallery-thumbnail-box\"  >\n\t\t<div class=\"ngg-gallery-thumbnail\" >\n\t\t\t<a href=\"https:\/\/www.isalebon.fr\/wp-isa\/wp-content\/gallery\/nanjing\/nanjing12.jpg\"\n               title=\" \"\n                data-image-id=\"43\" data-src=\"https:\/\/www.isalebon.fr\/wp-isa\/wp-content\/gallery\/nanjing\/nanjing12.jpg\" data-thumbnail=\"https:\/\/www.isalebon.fr\/wp-isa\/wp-content\/gallery\/nanjing\/thumbs\/thumbs_nanjing12.jpg\" data-title=\"nanjing12\" data-description=\" \" >\n\t\t\t\t\t\t\t\t<img title=\"nanjing12\" alt=\"nanjing12\" src=\"https:\/\/www.isalebon.fr\/wp-isa\/wp-content\/gallery\/nanjing\/thumbs\/thumbs_nanjing12.jpg\" width='150' height='150' \/>\n\t\t\t\t\t\t\t<\/a>\n\t\t\t<span> <\/span>\n\t\t<\/div>\n\t<\/div>\n\t\t \t\t\n\t<div id=\"ngg-image-44\" class=\"ngg-gallery-thumbnail-box\"  >\n\t\t<div class=\"ngg-gallery-thumbnail\" >\n\t\t\t<a href=\"https:\/\/www.isalebon.fr\/wp-isa\/wp-content\/gallery\/nanjing\/nanjing13.jpg\"\n               title=\" \"\n                data-image-id=\"44\" data-src=\"https:\/\/www.isalebon.fr\/wp-isa\/wp-content\/gallery\/nanjing\/nanjing13.jpg\" data-thumbnail=\"https:\/\/www.isalebon.fr\/wp-isa\/wp-content\/gallery\/nanjing\/thumbs\/thumbs_nanjing13.jpg\" data-title=\"nanjing13\" data-description=\" \" >\n\t\t\t\t\t\t\t\t<img title=\"nanjing13\" alt=\"nanjing13\" src=\"https:\/\/www.isalebon.fr\/wp-isa\/wp-content\/gallery\/nanjing\/thumbs\/thumbs_nanjing13.jpg\" width='150' height='150' \/>\n\t\t\t\t\t\t\t<\/a>\n\t\t\t<span> <\/span>\n\t\t<\/div>\n\t<\/div>\n\t\t \t\t\n\t<div id=\"ngg-image-45\" class=\"ngg-gallery-thumbnail-box\"  >\n\t\t<div class=\"ngg-gallery-thumbnail\" >\n\t\t\t<a href=\"https:\/\/www.isalebon.fr\/wp-isa\/wp-content\/gallery\/nanjing\/nanjing14.jpg\"\n               title=\" \"\n                data-image-id=\"45\" data-src=\"https:\/\/www.isalebon.fr\/wp-isa\/wp-content\/gallery\/nanjing\/nanjing14.jpg\" data-thumbnail=\"https:\/\/www.isalebon.fr\/wp-isa\/wp-content\/gallery\/nanjing\/thumbs\/thumbs_nanjing14.jpg\" data-title=\"nanjing14\" data-description=\" \" >\n\t\t\t\t\t\t\t\t<img title=\"nanjing14\" alt=\"nanjing14\" src=\"https:\/\/www.isalebon.fr\/wp-isa\/wp-content\/gallery\/nanjing\/thumbs\/thumbs_nanjing14.jpg\" width='150' height='150' \/>\n\t\t\t\t\t\t\t<\/a>\n\t\t\t<span> <\/span>\n\t\t<\/div>\n\t<\/div>\n\t\t \t\t\n\t<div id=\"ngg-image-46\" class=\"ngg-gallery-thumbnail-box\"  >\n\t\t<div class=\"ngg-gallery-thumbnail\" >\n\t\t\t<a href=\"https:\/\/www.isalebon.fr\/wp-isa\/wp-content\/gallery\/nanjing\/nanjing15.jpg\"\n               title=\" \"\n                data-image-id=\"46\" data-src=\"https:\/\/www.isalebon.fr\/wp-isa\/wp-content\/gallery\/nanjing\/nanjing15.jpg\" data-thumbnail=\"https:\/\/www.isalebon.fr\/wp-isa\/wp-content\/gallery\/nanjing\/thumbs\/thumbs_nanjing15.jpg\" data-title=\"nanjing15\" data-description=\" \" >\n\t\t\t\t\t\t\t\t<img title=\"nanjing15\" alt=\"nanjing15\" src=\"https:\/\/www.isalebon.fr\/wp-isa\/wp-content\/gallery\/nanjing\/thumbs\/thumbs_nanjing15.jpg\" width='150' height='150' \/>\n\t\t\t\t\t\t\t<\/a>\n\t\t\t<span> <\/span>\n\t\t<\/div>\n\t<\/div>\n\t\t \t\t\n\t<div id=\"ngg-image-47\" class=\"ngg-gallery-thumbnail-box\"  >\n\t\t<div class=\"ngg-gallery-thumbnail\" >\n\t\t\t<a href=\"https:\/\/www.isalebon.fr\/wp-isa\/wp-content\/gallery\/nanjing\/nanjing16.jpg\"\n               title=\" \"\n                data-image-id=\"47\" data-src=\"https:\/\/www.isalebon.fr\/wp-isa\/wp-content\/gallery\/nanjing\/nanjing16.jpg\" data-thumbnail=\"https:\/\/www.isalebon.fr\/wp-isa\/wp-content\/gallery\/nanjing\/thumbs\/thumbs_nanjing16.jpg\" data-title=\"nanjing16\" data-description=\" \" >\n\t\t\t\t\t\t\t\t<img title=\"nanjing16\" alt=\"nanjing16\" src=\"https:\/\/www.isalebon.fr\/wp-isa\/wp-content\/gallery\/nanjing\/thumbs\/thumbs_nanjing16.jpg\" width='150' height='150' \/>\n\t\t\t\t\t\t\t<\/a>\n\t\t\t<span> <\/span>\n\t\t<\/div>\n\t<\/div>\n\t\t \t\t\n\t<div id=\"ngg-image-48\" class=\"ngg-gallery-thumbnail-box\"  >\n\t\t<div class=\"ngg-gallery-thumbnail\" >\n\t\t\t<a href=\"https:\/\/www.isalebon.fr\/wp-isa\/wp-content\/gallery\/nanjing\/nanjing17.jpg\"\n               title=\" \"\n                data-image-id=\"48\" data-src=\"https:\/\/www.isalebon.fr\/wp-isa\/wp-content\/gallery\/nanjing\/nanjing17.jpg\" data-thumbnail=\"https:\/\/www.isalebon.fr\/wp-isa\/wp-content\/gallery\/nanjing\/thumbs\/thumbs_nanjing17.jpg\" data-title=\"nanjing17\" data-description=\" \" >\n\t\t\t\t\t\t\t\t<img title=\"nanjing17\" alt=\"nanjing17\" src=\"https:\/\/www.isalebon.fr\/wp-isa\/wp-content\/gallery\/nanjing\/thumbs\/thumbs_nanjing17.jpg\" width='150' height='150' \/>\n\t\t\t\t\t\t\t<\/a>\n\t\t\t<span> <\/span>\n\t\t<\/div>\n\t<\/div>\n\t\t \t\t\n\t<div id=\"ngg-image-49\" class=\"ngg-gallery-thumbnail-box\"  >\n\t\t<div class=\"ngg-gallery-thumbnail\" >\n\t\t\t<a href=\"https:\/\/www.isalebon.fr\/wp-isa\/wp-content\/gallery\/nanjing\/nanjing18.jpg\"\n               title=\" \"\n                data-image-id=\"49\" data-src=\"https:\/\/www.isalebon.fr\/wp-isa\/wp-content\/gallery\/nanjing\/nanjing18.jpg\" data-thumbnail=\"https:\/\/www.isalebon.fr\/wp-isa\/wp-content\/gallery\/nanjing\/thumbs\/thumbs_nanjing18.jpg\" data-title=\"nanjing18\" data-description=\" \" >\n\t\t\t\t\t\t\t\t<img title=\"nanjing18\" alt=\"nanjing18\" src=\"https:\/\/www.isalebon.fr\/wp-isa\/wp-content\/gallery\/nanjing\/thumbs\/thumbs_nanjing18.jpg\" width='150' height='150' \/>\n\t\t\t\t\t\t\t<\/a>\n\t\t\t<span> <\/span>\n\t\t<\/div>\n\t<\/div>\n\t\t \t\t\n\t<div id=\"ngg-image-50\" class=\"ngg-gallery-thumbnail-box\"  >\n\t\t<div class=\"ngg-gallery-thumbnail\" >\n\t\t\t<a href=\"https:\/\/www.isalebon.fr\/wp-isa\/wp-content\/gallery\/nanjing\/nanjing19.jpg\"\n               title=\" \"\n                data-image-id=\"50\" data-src=\"https:\/\/www.isalebon.fr\/wp-isa\/wp-content\/gallery\/nanjing\/nanjing19.jpg\" data-thumbnail=\"https:\/\/www.isalebon.fr\/wp-isa\/wp-content\/gallery\/nanjing\/thumbs\/thumbs_nanjing19.jpg\" data-title=\"nanjing19\" data-description=\" \" >\n\t\t\t\t\t\t\t\t<img title=\"nanjing19\" alt=\"nanjing19\" src=\"https:\/\/www.isalebon.fr\/wp-isa\/wp-content\/gallery\/nanjing\/thumbs\/thumbs_nanjing19.jpg\" width='150' height='150' \/>\n\t\t\t\t\t\t\t<\/a>\n\t\t\t<span> <\/span>\n\t\t<\/div>\n\t<\/div>\n\t\t \t\t\n\t<div id=\"ngg-image-51\" class=\"ngg-gallery-thumbnail-box\"  >\n\t\t<div class=\"ngg-gallery-thumbnail\" >\n\t\t\t<a href=\"https:\/\/www.isalebon.fr\/wp-isa\/wp-content\/gallery\/nanjing\/nanjing20.jpg\"\n               title=\" \"\n                data-image-id=\"51\" data-src=\"https:\/\/www.isalebon.fr\/wp-isa\/wp-content\/gallery\/nanjing\/nanjing20.jpg\" data-thumbnail=\"https:\/\/www.isalebon.fr\/wp-isa\/wp-content\/gallery\/nanjing\/thumbs\/thumbs_nanjing20.jpg\" data-title=\"nanjing20\" data-description=\" \" >\n\t\t\t\t\t\t\t\t<img title=\"nanjing20\" alt=\"nanjing20\" src=\"https:\/\/www.isalebon.fr\/wp-isa\/wp-content\/gallery\/nanjing\/thumbs\/thumbs_nanjing20.jpg\" width='150' height='150' \/>\n\t\t\t\t\t\t\t<\/a>\n\t\t\t<span> <\/span>\n\t\t<\/div>\n\t<\/div>\n\t\t \t\t\n\t<div id=\"ngg-image-52\" class=\"ngg-gallery-thumbnail-box\"  >\n\t\t<div class=\"ngg-gallery-thumbnail\" >\n\t\t\t<a href=\"https:\/\/www.isalebon.fr\/wp-isa\/wp-content\/gallery\/nanjing\/nanjing21.jpg\"\n               title=\" \"\n                data-image-id=\"52\" data-src=\"https:\/\/www.isalebon.fr\/wp-isa\/wp-content\/gallery\/nanjing\/nanjing21.jpg\" data-thumbnail=\"https:\/\/www.isalebon.fr\/wp-isa\/wp-content\/gallery\/nanjing\/thumbs\/thumbs_nanjing21.jpg\" data-title=\"nanjing21\" data-description=\" \" >\n\t\t\t\t\t\t\t\t<img title=\"nanjing21\" alt=\"nanjing21\" src=\"https:\/\/www.isalebon.fr\/wp-isa\/wp-content\/gallery\/nanjing\/thumbs\/thumbs_nanjing21.jpg\" width='150' height='150' \/>\n\t\t\t\t\t\t\t<\/a>\n\t\t\t<span> <\/span>\n\t\t<\/div>\n\t<\/div>\n\t\t \t\t\n\t<div id=\"ngg-image-53\" class=\"ngg-gallery-thumbnail-box\"  >\n\t\t<div class=\"ngg-gallery-thumbnail\" >\n\t\t\t<a href=\"https:\/\/www.isalebon.fr\/wp-isa\/wp-content\/gallery\/nanjing\/nanjing22.jpg\"\n               title=\" \"\n                data-image-id=\"53\" data-src=\"https:\/\/www.isalebon.fr\/wp-isa\/wp-content\/gallery\/nanjing\/nanjing22.jpg\" data-thumbnail=\"https:\/\/www.isalebon.fr\/wp-isa\/wp-content\/gallery\/nanjing\/thumbs\/thumbs_nanjing22.jpg\" data-title=\"nanjing22\" data-description=\" \" >\n\t\t\t\t\t\t\t\t<img title=\"nanjing22\" alt=\"nanjing22\" src=\"https:\/\/www.isalebon.fr\/wp-isa\/wp-content\/gallery\/nanjing\/thumbs\/thumbs_nanjing22.jpg\" width='150' height='150' \/>\n\t\t\t\t\t\t\t<\/a>\n\t\t\t<span> <\/span>\n\t\t<\/div>\n\t<\/div>\n\t\t \t\t\n\t<div id=\"ngg-image-54\" class=\"ngg-gallery-thumbnail-box\"  >\n\t\t<div class=\"ngg-gallery-thumbnail\" >\n\t\t\t<a href=\"https:\/\/www.isalebon.fr\/wp-isa\/wp-content\/gallery\/nanjing\/nanjing23.jpg\"\n               title=\" \"\n                data-image-id=\"54\" data-src=\"https:\/\/www.isalebon.fr\/wp-isa\/wp-content\/gallery\/nanjing\/nanjing23.jpg\" data-thumbnail=\"https:\/\/www.isalebon.fr\/wp-isa\/wp-content\/gallery\/nanjing\/thumbs\/thumbs_nanjing23.jpg\" data-title=\"nanjing23\" data-description=\" \" >\n\t\t\t\t\t\t\t\t<img title=\"nanjing23\" alt=\"nanjing23\" src=\"https:\/\/www.isalebon.fr\/wp-isa\/wp-content\/gallery\/nanjing\/thumbs\/thumbs_nanjing23.jpg\" width='150' height='150' \/>\n\t\t\t\t\t\t\t<\/a>\n\t\t\t<span> <\/span>\n\t\t<\/div>\n\t<\/div>\n\t\t \t\t\n\t<div id=\"ngg-image-55\" class=\"ngg-gallery-thumbnail-box\"  >\n\t\t<div class=\"ngg-gallery-thumbnail\" >\n\t\t\t<a href=\"https:\/\/www.isalebon.fr\/wp-isa\/wp-content\/gallery\/nanjing\/nanjing24.jpg\"\n               title=\" \"\n                data-image-id=\"55\" data-src=\"https:\/\/www.isalebon.fr\/wp-isa\/wp-content\/gallery\/nanjing\/nanjing24.jpg\" data-thumbnail=\"https:\/\/www.isalebon.fr\/wp-isa\/wp-content\/gallery\/nanjing\/thumbs\/thumbs_nanjing24.jpg\" data-title=\"nanjing24\" data-description=\" \" >\n\t\t\t\t\t\t\t\t<img title=\"nanjing24\" alt=\"nanjing24\" src=\"https:\/\/www.isalebon.fr\/wp-isa\/wp-content\/gallery\/nanjing\/thumbs\/thumbs_nanjing24.jpg\" width='150' height='150' \/>\n\t\t\t\t\t\t\t<\/a>\n\t\t\t<span> <\/span>\n\t\t<\/div>\n\t<\/div>\n\t\t \t\t\n\t<div id=\"ngg-image-56\" class=\"ngg-gallery-thumbnail-box\"  >\n\t\t<div class=\"ngg-gallery-thumbnail\" >\n\t\t\t<a href=\"https:\/\/www.isalebon.fr\/wp-isa\/wp-content\/gallery\/nanjing\/nanjing25.jpg\"\n               title=\" \"\n                data-image-id=\"56\" data-src=\"https:\/\/www.isalebon.fr\/wp-isa\/wp-content\/gallery\/nanjing\/nanjing25.jpg\" data-thumbnail=\"https:\/\/www.isalebon.fr\/wp-isa\/wp-content\/gallery\/nanjing\/thumbs\/thumbs_nanjing25.jpg\" data-title=\"nanjing25\" data-description=\" \" >\n\t\t\t\t\t\t\t\t<img title=\"nanjing25\" alt=\"nanjing25\" src=\"https:\/\/www.isalebon.fr\/wp-isa\/wp-content\/gallery\/nanjing\/thumbs\/thumbs_nanjing25.jpg\" width='150' height='150' \/>\n\t\t\t\t\t\t\t<\/a>\n\t\t\t<span> <\/span>\n\t\t<\/div>\n\t<\/div>\n\t\t \t\t\n\t<div id=\"ngg-image-57\" class=\"ngg-gallery-thumbnail-box\"  >\n\t\t<div class=\"ngg-gallery-thumbnail\" >\n\t\t\t<a href=\"https:\/\/www.isalebon.fr\/wp-isa\/wp-content\/gallery\/nanjing\/nanjing26.jpg\"\n               title=\" \"\n                data-image-id=\"57\" data-src=\"https:\/\/www.isalebon.fr\/wp-isa\/wp-content\/gallery\/nanjing\/nanjing26.jpg\" data-thumbnail=\"https:\/\/www.isalebon.fr\/wp-isa\/wp-content\/gallery\/nanjing\/thumbs\/thumbs_nanjing26.jpg\" data-title=\"nanjing26\" data-description=\" \" >\n\t\t\t\t\t\t\t\t<img title=\"nanjing26\" alt=\"nanjing26\" src=\"https:\/\/www.isalebon.fr\/wp-isa\/wp-content\/gallery\/nanjing\/thumbs\/thumbs_nanjing26.jpg\" width='150' height='150' \/>\n\t\t\t\t\t\t\t<\/a>\n\t\t\t<span> <\/span>\n\t\t<\/div>\n\t<\/div>\n\t\t \t \t\n\t<!-- Pagination -->\n \t \t\n<\/div>\n\n<\/div>\n<div id=\"textext\"><span class=\"entetexte\">Comprenez ville du sud\u2026 dans les m\u00e9andres du Fleuve Bleu, \u00e0 l\u2019ouest de Shanghai, comprenez ville sur la mer\u2026 Fournaise, odeurs, bruits\u2026<\/span><\/p>\n<p>Les hommes arpentent la ville\u2026 de gauche \u00e0 droite, de haut en bas\u2026 de bas en haut\u2026 \u00e0 pied\u2026 \u00e0 v\u00e9lo\u2026 en brouette\u2026 en scooter \u00e9lectrique\u2026 en voiture\u2026 en taxi\u2026 , en d\u00e9bardeur relev\u00e9 sur les ventres qui ne veulent plus avoir chaud\u2026<br \/>\nDe la Chine : effrayante parfois\u2026 \u00e9tonnante souvent, j\u2019essaie de capter une ville\u2026 la ville bord\u00e9e par le mouvement lent du fleuve, la ville en mutation\u2026son c\u0153ur bat vite\u2026<br \/>\nEst-elle devenue le th\u00e9\u00e2tre o\u00f9 se joue la pi\u00e8ce des acteurs aux mille visages ?<br \/>\nCes visages qui m\u2019interrogent\u2026 ces sourires qui m\u2019accueillent\u2026 cette curiosit\u00e9 qui m\u2019encourage\u2026 cette distance qui me plait\u2026\u2026<br \/>\nParfois, les masques tombent\u2026 et ils s\u2019amusent d\u2019un jeu d\u2019\u00e9checs comme des enfants sur les rives du fleuve\u2026<\/p>\n<p>Nanjing, 6 millions d\u2019habitants dans les d\u00e9dales de l\u2019ancienne capitale qui s\u2019agrandit\u2026<br \/>\nQui s\u2019enorgueillit \u2026 qui n\u2019en finit pas de s\u2019\u00e9tendre vers les promesses de l\u2019avenir \u2026<br \/>\nLe temps aussit\u00f4t pr\u00e9sent semble d\u00e9j\u00e0 vieux et happ\u00e9 vers d\u2019autres miroirs.<br \/>\nDans ce pr\u00e9sent sans cesse fluctuant, \u00e9couter le pass\u00e9 \u2026<br \/>\nLe pass\u00e9 qui s\u2019\u00e9chine dans le silence des marteaux piqueurs.<\/p>\n<p>La ville aux trac\u00e9s toujours insatisfaits \u2026 peut alors, faire parler l\u00e0 o\u00f9 on ne parle pas\u2026<br \/>\nDes petites bribes d\u2019histoires d\u2019hier et d\u2019aujourd\u2019hui qui se trouvent m\u00eal\u00e9es\u2026 emm\u00eal\u00e9es\u2026 tress\u00e9es\u2026 brouill\u00e9es. Comme une sorte de r\u00e9sistance \u00e0 l\u2019alt\u00e9rit\u00e9 du monde\u2026.<\/p>\n<p>Des images et des sons qui s\u2019\u00e9garent ou qui s\u2019enlacent, comme de petites rivi\u00e8res qui finissent par tresser le cours d\u2019une histoire fleuve.<\/p>\n<p><span class=\"signa\">Isabelle Lebon \/ Photographe<\/span><\/div>\n","protected":false},"excerpt":{"rendered":"<p>Comprenez ville du sud\u2026 dans les m\u00e9andres du Fleuve Bleu, \u00e0 l\u2019ouest de Shanghai, comprenez ville sur la mer\u2026 Fournaise, odeurs, bruits\u2026 Les hommes arpentent la ville\u2026 de gauche \u00e0 droite, de haut en bas\u2026 de bas en haut\u2026 \u00e0 pied\u2026 \u00e0 v\u00e9lo\u2026 en brouette\u2026 en scooter \u00e9lectrique\u2026 en voiture\u2026 en taxi\u2026 , en d\u00e9bardeur [&hellip;]<\/p>\n","protected":false},"author":2,"featured_media":0,"parent":0,"menu_order":0,"comment_status":"closed","ping_status":"closed","template":"templates\/full-width-page.php","meta":{"ngg_post_thumbnail":0},"_links":{"self":[{"href":"https:\/\/www.isalebon.fr\/index.php?rest_route=\/wp\/v2\/pages\/59"}],"collection":[{"href":"https:\/\/www.isalebon.fr\/index.php?rest_route=\/wp\/v2\/pages"}],"about":[{"href":"https:\/\/www.isalebon.fr\/index.php?rest_route=\/wp\/v2\/types\/page"}],"author":[{"embeddable":true,"href":"https:\/\/www.isalebon.fr\/index.php?rest_route=\/wp\/v2\/users\/2"}],"replies":[{"embeddable":true,"href":"https:\/\/www.isalebon.fr\/index.php?rest_route=%2Fwp%2Fv2%2Fcomments&post=59"}],"version-history":[{"count":57,"href":"https:\/\/www.isalebon.fr\/index.php?rest_route=\/wp\/v2\/pages\/59\/revisions"}],"predecessor-version":[{"id":1143,"href":"https:\/\/www.isalebon.fr\/index.php?rest_route=\/wp\/v2\/pages\/59\/revisions\/1143"}],"wp:attachment":[{"href":"https:\/\/www.isalebon.fr\/index.php?rest_route=%2Fwp%2Fv2%2Fmedia&parent=59"}],"curies":[{"name":"wp","href":"https:\/\/api.w.org\/{rel}","templated":true}]}}